{"id":300,"date":"2020-01-27T17:26:09","date_gmt":"2020-01-27T17:26:09","guid":{"rendered":"http:\/\/saarer.premiweb.hu\/?page_id=300"},"modified":"2020-02-08T15:08:58","modified_gmt":"2020-02-08T15:08:58","slug":"tancos-dijak","status":"publish","type":"page","link":"https:\/\/saarertanz.hu\/de\/tancos-dijak\/","title":{"rendered":"T\u00e4nzerpreise"},"content":{"rendered":"<p>[et_pb_section fb_built=&#8221;1&#8243; custom_padding_last_edited=&#8221;off|desktop&#8221; admin_label=&#8221;Header&#8221; _builder_version=&#8221;4.2.2&#8243; background_color=&#8221;#2a2e40&#8243; use_background_color_gradient=&#8221;on&#8221; background_color_gradient_start=&#8221;rgba(42,46,64,0)&#8221; background_color_gradient_end=&#8221;#2a2e40&#8243; background_color_gradient_type=&#8221;radial&#8221; background_color_gradient_end_position=&#8221;70%&#8221; background_color_gradient_overlays_image=&#8221;on&#8221; background_image=&#8221;http:\/\/saarer.premiweb.hu\/dir\/uploads\/2020\/01\/17015793_875547952548230_1676608720815072627.jpg&#8221; custom_padding=&#8221;||0px&#8221; custom_padding_tablet=&#8221;0vw||&#8221; custom_padding_phone=&#8221;0vw||&#8221; box_shadow_style=&#8221;preset7&#8243; box_shadow_horizontal=&#8221;0px&#8221; box_shadow_vertical=&#8221;-100px&#8221; box_shadow_color=&#8221;#ffffff&#8221;][et_pb_row custom_padding_last_edited=&#8221;on|tablet&#8221; _builder_version=&#8221;3.25&#8243; max_width=&#8221;80%&#8221; custom_margin=&#8221;||&#8221; custom_padding=&#8221;||0||false|false&#8221; custom_padding_tablet=&#8221;||40px|0%&#8221; custom_padding_phone=&#8221;&#8221; use_custom_width=&#8221;on&#8221; width_unit=&#8221;off&#8221;][et_pb_column type=&#8221;4_4&#8243; _builder_version=&#8221;3.25&#8243; custom_padding=&#8221;|||&#8221; custom_padding__hover=&#8221;|||&#8221;][et_pb_text _builder_version=&#8221;4.2.2&#8243; text_font=&#8221;||||||||&#8221; header_font=&#8221;Oswald|300||on|||||&#8221; header_font_size=&#8221;7vw&#8221; header_letter_spacing=&#8221;0.35em&#8221; header_line_height=&#8221;1.2em&#8221; header_2_font=&#8221;||||||||&#8221; header_3_font=&#8221;Oswald|||on|||||&#8221; header_3_font_size=&#8221;12px&#8221; header_3_letter_spacing=&#8221;1.5em&#8221; header_3_line_height=&#8221;2.4em&#8221; background_layout=&#8221;dark&#8221; max_width=&#8221;80%&#8221; animation_style=&#8221;slide&#8221; animation_direction=&#8221;right&#8221; animation_duration=&#8221;2000ms&#8221; animation_intensity_slide=&#8221;2%&#8221; header_font_size_tablet=&#8221;40px&#8221; header_font_size_phone=&#8221;30px&#8221; header_font_size_last_edited=&#8221;on|phone&#8221; header_letter_spacing_tablet=&#8221;10px&#8221; header_letter_spacing_phone=&#8221;7px&#8221; header_letter_spacing_last_edited=&#8221;off|desktop&#8221; header_line_height_tablet=&#8221;1.5em&#8221; header_line_height_phone=&#8221;1.5em&#8221; header_line_height_last_edited=&#8221;on|phone&#8221; header_3_font_size_tablet=&#8221;10px&#8221; header_3_font_size_phone=&#8221;10px&#8221; header_3_font_size_last_edited=&#8221;on|desktop&#8221; header_3_letter_spacing_tablet=&#8221;&#8221; header_3_letter_spacing_phone=&#8221;3px&#8221; header_3_letter_spacing_last_edited=&#8221;on|phone&#8221;]<\/p>\n<h3>t\u00e1ncos<\/h3>\n<h1>d\u00edjak<\/h1>\n<p>[\/et_pb_text][\/et_pb_column][\/et_pb_row][et_pb_row column_structure=&#8221;1_2,1_2&#8243; custom_padding_last_edited=&#8221;off|desktop&#8221; padding_top_bottom_link_2=&#8221;true&#8221; padding_left_right_link_2=&#8221;true&#8221; _builder_version=&#8221;4.2.2&#8243; width=&#8221;100%&#8221; max_width=&#8221;100%&#8221; module_alignment=&#8221;right&#8221; custom_margin_tablet=&#8221;7vw||&#8221; custom_padding=&#8221;0|0px|0|0px|false|false&#8221; animation_direction=&#8221;left&#8221; use_custom_width=&#8221;on&#8221; width_unit=&#8221;off&#8221; custom_width_percent=&#8221;100%&#8221; locked=&#8221;off&#8221;][et_pb_column type=&#8221;1_2&#8243; _builder_version=&#8221;3.25&#8243; custom_padding=&#8221;|||&#8221; custom_padding_tablet=&#8221;40px|||&#8221; custom_padding_phone=&#8221;20px|||&#8221; padding_phone=&#8221;20px|||&#8221; padding_tablet=&#8221;40px|||&#8221; custom_padding__hover=&#8221;|||&#8221;][\/et_pb_column][et_pb_column type=&#8221;1_2&#8243; _builder_version=&#8221;4.2.2&#8243; background_color=&#8221;#e71d34&#8243; custom_padding=&#8221;40px|40px|40px|40px&#8221; custom_padding_tablet=&#8221;|40px||40px||true&#8221; custom_padding_phone=&#8221;|||&#8221; custom_padding_last_edited=&#8221;off|desktop&#8221; padding_phone=&#8221;|||&#8221; padding_tablet=&#8221;|40px||40px||true&#8221; padding_last_edited=&#8221;off|desktop&#8221; custom_padding__hover=&#8221;|||&#8221;][et_pb_text _builder_version=&#8221;4.2.2&#8243; header_3_text_align=&#8221;justify&#8221; header_3_text_color=&#8221;#ffffff&#8221; hover_enabled=&#8221;0&#8243;]<\/p>\n<h4 style=\"padding-left: 30px; text-align: left;\"><span style=\"color: #ffffff;\">Saarer Tanzgruppe vezet\u0151s\u00e9ge (tov\u00e1bbiakban: T\u00e1nccsoport) a T\u00e1nccsoport \u00e9rdek\u00e9ben v\u00e9gzett kiemelked\u0151 tev\u00e9kenys\u00e9g, k\u00f6z\u00f6ss\u00e9gi munka, t\u00e1ncos \u00e9vfordul\u00f3 elismer\u00e9s\u00e9re \u201eT\u00e1ncos-D\u00edj\u201d alap\u00edt\u00e1s\u00e1r\u00f3l \u00e9s adom\u00e1nyoz\u00e1s\u00e1r\u00f3l az al\u00e1bbiak szerint rendelkezik:<\/span><\/h4>\n<p>[\/et_pb_text][\/et_pb_column][\/et_pb_row][\/et_pb_section][et_pb_section fb_built=&#8221;1&#8243; _builder_version=&#8221;4.2.2&#8243;][et_pb_row _builder_version=&#8221;4.2.2&#8243;][et_pb_column type=&#8221;4_4&#8243; _builder_version=&#8221;4.2.2&#8243;][et_pb_gallery gallery_ids=&#8221;520,471,521,533&#8243; show_title_and_caption=&#8221;off&#8221; _builder_version=&#8221;4.2.2&#8243;][\/et_pb_gallery][\/et_pb_column][\/et_pb_row][et_pb_row _builder_version=&#8221;4.2.2&#8243;][et_pb_column type=&#8221;4_4&#8243; _builder_version=&#8221;4.2.2&#8243;][et_pb_accordion _builder_version=&#8221;4.2.2&#8243; animation_style=&#8221;flip&#8221;][et_pb_accordion_item title=&#8221;A T\u00e1ncos-d\u00edj alap\u00edt\u00f3 okirata&#8221; open=&#8221;on&#8221; _builder_version=&#8221;4.2.2&#8243;]<\/p>\n<p style=\"text-align: justify; padding-left: 30px;\"><strong>\u00a0<\/strong><strong>1.\u00a0<\/strong><\/p>\n<p style=\"text-align: justify; padding-left: 30px;\">\u00a71. A d\u00edjat Saarer Tanzgruppe alap\u00edtja a Sz\u00e1ri \u00d6r\u00f6ks\u00e9g K\u00f6zhaszn\u00fa Egyes\u00fclet hozz\u00e1j\u00e1rul\u00e1s\u00e1val.<\/p>\n<p style=\"text-align: justify; padding-left: 30px;\">2. A d\u00edj c\u00e9lja a T\u00e1nccsoport tagjai \u00e1ltal \u00e9s k\u00fcl\u00f6n\u00f6sen indokolt estben nem tagnak a v\u00e9gzett munka, k\u00f6z\u00f6ss\u00e9gi tev\u00e9kenys\u00e9g, az elt\u00f6lt\u00f6tt tags\u00e1gi viszony elismer\u00e9se. C\u00e9lja a sz\u00e1ri hagyom\u00e1ny\u0151rz\u0151 k\u00f6z\u00f6ss\u00e9gi \u00e9letre ford\u00edtott t\u00e1rsadalmi munka el\u0151mozd\u00edt\u00e1sa.<\/p>\n<p style=\"text-align: justify; padding-left: 30px;\">3. A d\u00edj \u00e1tad\u00e1sa a T\u00e1nccsoport rendes \u00e9vz\u00e1r\u00f3 bankettj\u00e9n t\u00f6rt\u00e9nik, \u00e9vente egy alkalommal t\u00f6bb d\u00edj is adhat\u00f3.<\/p>\n<p style=\"text-align: justify; padding-left: 30px;\"><strong>2. <\/strong><\/p>\n<p style=\"text-align: justify; padding-left: 30px;\">\u00a71. A d\u00edjnak h\u00e1rom fokozata van: bronz, ez\u00fcst, arany.<\/p>\n<p style=\"text-align: justify; padding-left: 30px;\">2. A d\u00edj alapj\u00e1ul a Sz\u00e1ri \u00d6r\u00f6ks\u00e9g K\u00f6zhaszn\u00fa Egyes\u00fclet f\u00e9l\u00e9vi tagd\u00edja szolg\u00e1l. Maximum 200 000.-ft.<\/p>\n<p style=\"text-align: justify; padding-left: 30px;\">3. A d\u00edjra, a f\u00e9l\u00e9vi tagd\u00edjb\u00f3l felhaszn\u00e1lhat\u00f3 \u00f6sszeg kevesebb lehet, de t\u00f6bb nem.<\/p>\n<p style=\"text-align: justify; padding-left: 30px;\">4. A d\u00edj c\u00e9lj\u00e1ra b\u00e1rmely szem\u00e9ly, szervezet, t\u00e1mogat\u00e1st ny\u00fajthat, mely \u00f6sszeggel a d\u00edj finansz\u00edrozhat\u00f3, ez\u00e1ltal a f\u00e9l\u00e9vi tagd\u00edjb\u00f3l t\u00f6rt\u00e9n\u0151 felhaszn\u00e1l\u00e1s cs\u00f6kken.<\/p>\n<p style=\"text-align: justify; padding-left: 30px;\">5. A f\u00e9l\u00e9vi tagd\u00edj, nem a d\u00edjra ford\u00edtott \u00f6sszege, tov\u00e1bbra is az Egyes\u00fclet egy\u00e9b c\u00e9ljaira haszn\u00e1lhat\u00f3.<\/p>\n<p style=\"text-align: justify; padding-left: 30px;\"><strong>3.<\/strong><\/p>\n<p style=\"text-align: justify; padding-left: 30px;\">\u00a71. A d\u00edj adom\u00e1nyoz\u00e1s\u00e1ra javaslatt\u00e9teli jog illeti meg a T\u00e1nccsoport vezet\u0151s\u00e9g\u00e9t \u00e9s a t\u00e1nccsoport tagjait.<\/p>\n<p style=\"text-align: justify; padding-left: 30px;\">2. A javaslatnak tartalmaznia kell a d\u00edjaz\u00e1sra javasolt szem\u00e9ly, k\u00f6z\u00f6ss\u00e9g munk\u00e1ss\u00e1g\u00e1nak, tev\u00e9kenys\u00e9g\u00e9nek elismer\u00e9sre m\u00e9lt\u00f3 eredm\u00e9nyeit.<\/p>\n<p style=\"text-align: justify; padding-left: 30px;\">3. A vezet\u0151s\u00e9g ezt figyelembe veheti, de a d\u00f6nt\u00e9si jogk\u00f6r\u00e9t nem adhatja \u00e1t, nem korl\u00e1tozhatja, e felel\u0151ss\u00e9g\u00e9t nem oszthatja meg.<\/p>\n<p style=\"text-align: justify; padding-left: 30px;\">4. A d\u00edjazottat az T\u00e1nccsoport vezet\u0151s\u00e9gi tagjai nevezik meg, ezzel kapcsolatos d\u00f6nt\u00e9st kiz\u00e1r\u00f3lag \u0151k hoznak.<\/p>\n<p style=\"text-align: justify; padding-left: 30px;\">5. A d\u00f6nt\u00e9st sz\u00f3t\u00f6bbs\u00e9ggel hozz\u00e1k meg \u00e9s egy jel\u00f6lt elfogad\u00e1s\u00e1hoz legal\u00e1bb kett\u0151 igen szavazat kell.<\/p>\n<p style=\"text-align: justify; padding-left: 30px;\">6. A mindenkori p\u00e9nz\u00fcgyek\u00e9rt felel\u0151s szem\u00e9ly a T\u00e1nccsoport vezet\u0151s\u00e9gi \u00fcl\u00e9s\u00e9n szavazati jog n\u00e9lk\u00fcl, hozz\u00e1sz\u00f3l\u00e1s jog\u00e1val vesz r\u00e9szt.<\/p>\n<p style=\"text-align: justify; padding-left: 30px;\"><strong>4. <\/strong><\/p>\n<p style=\"text-align: justify; padding-left: 30px;\">\u00a71. A javaslatnak minden \u00e9v augusztus 31-ig kell be\u00e9rkeznie \u00e9s a d\u00f6nt\u00e9st okt\u00f3ber 31-ig sz\u00fcks\u00e9ges a T\u00e1nccsoport vezet\u0151s\u00e9g\u00e9nek \u00e9s a mindenkori p\u00e9nzt\u00e1rosnak meghoznia.<\/p>\n<p style=\"text-align: justify; padding-left: 30px;\">2. A d\u00edj \u00e1tad\u00e1s\u00e1t a T\u00e1nccsoport mindenkori eln\u00f6ke vagy az \u00e1ltala kijel\u00f6lt szem\u00e9ly v\u00e9gzi.<\/p>\n<p style=\"text-align: justify; padding-left: 30px;\">3. A d\u00edj a minden \u00e9v december\u00e9ben, a T\u00e1nccsoport \u00c9vz\u00e1r\u00f3 \u00dcnneps\u00e9g\u00e9n ker\u00fcl \u00e1tad\u00e1sra.<\/p>\n<p style=\"text-align: justify; padding-left: 30px;\">4. A T\u00e1nccsoport rendezv\u00e9nyein (T\u00e1ncbemutat\u00f3 G\u00e1la, \u00c9vz\u00e1r\u00f3 \u00dcnneps\u00e9g) a T\u00e1nccsoport tagjai sz\u00e1m\u00e1ra a \u201eT\u00e1ncos-D\u00edj\u201d-on k\u00edv\u00fcl minden m\u00e1s kit\u0171z\u0151 \u00e9s\/vagy n\u00e9pviselethez nem tartoz\u00f3 kell\u00e9k visel\u00e9se tilos!<\/p>\n<p style=\"text-align: justify; padding-left: 30px;\"><strong>5. <\/strong><\/p>\n<p style=\"text-align: justify; padding-left: 30px;\">1.\u00a7 A \u201eT\u00e1ncos-D\u00edj\u201d el\u00e9r\u00e9si m\u00f3djai:1. T\u00e1nccsoport tagjak\u00e9nt elt\u00f6lt\u00f6tt n\u00e9pt\u00e1ncos m\u00falt alapj\u00e1n a k\u00f6vetkez\u0151:<\/p>\n<p style=\"text-align: justify; padding-left: 30px;\">\u2022 Bronz fokozatban r\u00e9szes\u00fcl minden t\u00e1ncos, aki 15 \u00e9s 20 \u00e9ve tagja a T\u00e1nccsoportnak.<br \/> \u2022 Ez\u00fcst fokozatban r\u00e9szes\u00fcl minden t\u00e1ncos, aki 25, 30, 35, 40 \u00e9s 45 \u00e9ve tagja a T\u00e1nccsoportnak.<br \/> \u2022 Arany fokozatban r\u00e9szes\u00fcl minden t\u00e1ncos, aki 50 \u00e9ve tagja a T\u00e1nccsoportnak.<br \/> \u2022 50 \u00e9ves tags\u00e1g felett \u00f6t \u00e9venk\u00e9nt r\u00e9szes\u00fcl \u00fajabb arany fokozatban minden t\u00e1ncos.<\/p>\n<p style=\"text-align: justify; padding-left: 30px;\">2. T\u00e1nccsoport tagjak\u00e9nt elt\u00f6lt\u00f6tt bizotts\u00e1gi tags\u00e1gi m\u00falt alapj\u00e1n a k\u00f6vetkez\u0151:<br \/> \u2022 Bronz fokozatban r\u00e9szes\u00fcl minden t\u00e1ncos, aki 5 \u00e9s 10 \u00e9ve tagja a T\u00e1nccsoport valamely bizotts\u00e1g\u00e1nak.<br \/> \u2022 Ez\u00fcst fokozatban r\u00e9szes\u00fcl minden t\u00e1ncos, aki 15 \u00e9s 20 \u00e9ve tagja a T\u00e1nccsoport valamely bizotts\u00e1g\u00e1nak.<br \/> \u2022 Arany fokozatban r\u00e9szes\u00fcl minden t\u00e1ncos, aki 25 \u00e9ve tagja a T\u00e1nccsoport valamely bizotts\u00e1g\u00e1nak.<br \/> \u2022 25 \u00e9ves bizotts\u00e1gi tags\u00e1g felett \u00f6t \u00e9venk\u00e9nt \u00fajabb arany fokozatban r\u00e9szes\u00fcl minden t\u00e1ncos.<\/p>\n<p style=\"text-align: justify; padding-left: 30px;\">3. T\u00e1nccsoport tagjak\u00e9nt elt\u00f6lt\u00f6tt vezet\u0151s\u00e9gi tags\u00e1gi m\u00falt alapj\u00e1n a k\u00f6vetkez\u0151:<br \/> \u2022 Bronz fokozatban r\u00e9szes\u00fcl minden t\u00e1ncos, aki 5 \u00e9ve tagja a T\u00e1nccsoport vezet\u0151s\u00e9g\u00e9nek.<br \/> \u2022 Ez\u00fcst fokozatban r\u00e9szes\u00fcl minden t\u00e1ncos, aki 10 \u00e9ve tagja a T\u00e1nccsoport vezet\u0151s\u00e9g\u00e9nek.<br \/> \u2022 Arany fokozatban r\u00e9szes\u00fcl minden t\u00e1ncos, aki 15 \u00e9ve tagja a T\u00e1nccsoport vezet\u0151s\u00e9g\u00e9nek.<br \/> \u2022 15 \u00e9ves vezet\u0151s\u00e9gi tags\u00e1g felett \u00f6t \u00e9venk\u00e9nt \u00fajabb arany fokozatban r\u00e9szes\u00fcl minden t\u00e1ncos.<\/p>\n<p style=\"text-align: justify; padding-left: 30px;\">4. T\u00e1nccsoport tagjak\u00e9nt elt\u00f6lt\u00f6tt eln\u00f6ki m\u00falt alapj\u00e1n a k\u00f6vetkez\u0151:<br \/> \u2022 Bronz fokozatban r\u00e9szes\u00fcl, aki 3 \u00e9ve vezeti a T\u00e1nccsoport int\u00e9zm\u00e9ny\u00e9t.<br \/> \u2022 Ez\u00fcst fokozatban r\u00e9szes\u00fcl, aki 5 \u00e9ve vezeti a T\u00e1nccsoport int\u00e9zm\u00e9ny\u00e9t.<br \/> \u2022 Arany fokozatban r\u00e9szes\u00fcl, aki 10 \u00e9ve vezeti a T\u00e1nccsoport int\u00e9zm\u00e9ny\u00e9t.<br \/> \u2022 10 \u00e9v felett \u00f6t \u00e9venk\u00e9nt \u00fajabb arany fokozatban r\u00e9szes\u00fcl.<\/p>\n<p style=\"text-align: justify; padding-left: 30px;\">5. T\u00e1nccsoport\u00e9rt v\u00e9gzett k\u00fcl\u00f6n\u00f6sen hasznos tev\u00e9kenys\u00e9g alapj\u00e1n a k\u00f6vetkez\u0151:<br \/> Schweininger P\u00e9ter \u2013 Sz\u00e1ri \u00d6r\u00f6ks\u00e9g K\u00f6zhaszn\u00fa Egyes\u00fcletSz\u00e1ri \u00d6r\u00f6ks\u00e9g K\u00f6zhaszn\u00fa Egyes\u00fclet<br \/> Czencz M\u00e1t\u00e9 \u2013 vezet\u0151s\u00e9gi tag<br \/> Szab\u00f3 Dorottya \u2013 Sz\u00e1ri \u00d6r\u00f6ks\u00e9g K\u00f6zhaszn\u00fa Egyes\u00fclet aleln\u00f6ke<\/p>\n<p style=\"text-align: justify; padding-left: 30px;\">\u2022 A vezet\u0151s\u00e9g k\u00fcl\u00f6n\u00f6sen indokolt esetben a fentiekt\u0151l elt\u00e9r\u0151en adhat tagoknak \u00e9s nem tagnak egyar\u00e1nt \u201eT\u00e1ncos-D\u00edj\u201d-at.<br \/> \u2022 K\u00fcl\u00f6n\u00f6sen hasznos tev\u00e9kenys\u00e9g\u00e9rt, egy szem\u00e9lynek csak egyszer adhat\u00f3 \u201eT\u00e1ncos-D\u00edj\u201d.<br \/> \u2022 A k\u00fcl\u00f6n\u00f6sen hasznos tev\u00e9kenys\u00e9g alapj\u00e1n csak bronz \u00e9s ez\u00fcst fokozatot lehet \u00e1tadni. A fokozatr\u00f3l a T\u00e1nccsoport vezet\u0151s\u00e9ge d\u00f6nt.<\/p>\n<p style=\"text-align: justify; padding-left: 30px;\"><strong>6.<\/strong><\/p>\n<p style=\"text-align: justify; padding-left: 30px;\">\u00a71. A T\u00e1nccsoport vezet\u0151s\u00e9ge felel a d\u00edj rangj\u00e1\u00e9rt, elismer\u00e9s\u00e9\u00e9rt \u00e9s fennmarad\u00e1s\u00e1\u00e9rt, valamintaz\u00e9rt, hogy az egy\u00e9b szerepl\u0151k tev\u00e9kenys\u00e9ge \u00f6sszehangolt legyen.2. A \u201eT\u00e1ncos-D\u00edj\u201d nem vonhat\u00f3 vissza.<\/p>\n<p style=\"text-align: justify; padding-left: 30px;\"><strong>7.<\/strong><\/p>\n<p style=\"text-align: justify; padding-left: 30px;\">\u00a71. A d\u00edj \u00e1talakulhat: ha a Sz\u00e1ri \u00d6r\u00f6ks\u00e9g K\u00f6zhaszn\u00fa Egyes\u00fclet megsz\u0171nik.<br \/> 2. A d\u00edj megsz\u0171nik:<br \/> \u2022 ha a T\u00e1nccsoport vezet\u0151s\u00e9ge a d\u00edj \u00e1tad\u00e1s\u00e1hoz nem j\u00e1rul hozz\u00e1;<br \/> \u2022 ha a Sz\u00e1ri \u00d6r\u00f6ks\u00e9g K\u00f6zhaszn\u00fa Egyes\u00fcletn\u00e9l a k\u00f6z\u00f6ss\u00e9gi munka felt\u00e9telei megsz\u0171nnek;<\/p>\n<p style=\"text-align: justify; padding-left: 30px;\">3. Az ut\u00f3bbi k\u00e9t esetben az ezzel kapcsolatos d\u00f6nt\u00e9st a T\u00e1nccsoport vezet\u0151s\u00e9ge hozza meg.<\/p>\n<p>[\/et_pb_accordion_item][et_pb_accordion_item title=&#8221;D\u00edjban r\u00e9szes\u00fcltek list\u00e1ja&#8221; _builder_version=&#8221;4.2.2&#8243; open=&#8221;off&#8221;]<\/p>\n<h3 style=\"text-align: center;\">10 \u00e9ves tags\u00e1g\u00e9rt j\u00e1r\u00f3 d\u00edjjal rendelkeznek:<\/h3>\n<p style=\"text-align: center;\">Boh\u00e1cs G\u00e1bor<br \/> Boh\u00e1cs B\u00e1lint<br \/> Buczk\u00f3 Veronika<br \/> Frank Klaudia<br \/> Gr\u00f3sz Erik<br \/> Horv\u00e1th Benj\u00e1min<br \/> Izs\u00e1k Gy\u00f6rgy<br \/> K\u00e1rp\u00e1ti Vikt\u00f3ria<br \/> Kl\u00e9bert Luca<br \/> May Eszter<br \/> Metl\u00e1ger Bal\u00e1zs<br \/> Metl\u00e1ger Szabina<br \/> Nagy \u00c1kos<br \/> Franciska Nagy<br \/> Orb\u00e1n Dominik<br \/> Orm\u00e1ndi Fruzsina<br \/> Pechinger Tam\u00e1s<br \/> Dora Rorbacher<br \/> S\u00e1tori Gabriella<br \/> Schwanner Bal\u00e1zs<br \/> Schwanner B\u00e1lint<br \/> Speier Liza<br \/> Stock Johanna<br \/> Szab\u00f3 Zs\u00f3fia<br \/> Sz\u00e9kely \u00c1kos<br \/> Kinga Szelman<br \/> Szil\u00e1gyi Eszter Mandula<br \/> Szil\u00e1gyi Luca Hanga<br \/> T\u00f3th Barnab\u00e1s<br \/> T\u00f3th Bertalan<br \/> Wittmann R\u00e9ka<\/p>\n<p style=\"text-align: center;\">\n<p style=\"text-align: center;\"><strong>15 \u00e9ves tags\u00e1g\u00e9rt j\u00e1r\u00f3 d\u00edjjal rendelkeznek:<br \/> <\/strong><br \/> Hoffmann M\u00e1rk<br \/> Balogh L\u00e1szl\u00f3<br \/> Borsodi Imre<br \/> Czencz M\u00e1t\u00e9<br \/> Hoffmann J\u00f3zsef<br \/> Mecs\u00e9ri \u00c1d\u00e1m<br \/> Mecs\u00e9ri D\u00e1vid<br \/> Nagy M\u00e1rton<br \/> Viktoria Nagy<br \/> Ordasi Rebeka<br \/> S\u00e1tori Fanni<br \/> S\u00e1tori M\u00e1ri\u00f3<br \/> Stock Martin<br \/> Szabolcs Stock<br \/> Szpodnyi S\u00e1ra<\/p>\n<p style=\"text-align: center;\"><strong>20 \u00e9ves tags\u00e1g\u00e9rt j\u00e1r\u00f3 d\u00edjjal rendelkeznek:<\/strong><\/p>\n<p style=\"text-align: center;\">Hazenfratz Kinga<br \/> Hazenfratz Kinga<br \/> Angyal B\u00e1lint<br \/> Fenyvesi Szabolcs<br \/> Frank Klaudia<br \/> G\u00e9ber \u00c1d\u00e1m<br \/> Horv\u00e1th Petra<br \/> Hrbuos Szandra<br \/> Hrubos Kitti<br \/> Husz\u00e1r T\u00edmea<br \/> Kov\u00e1cs S\u00e1ndor<br \/> K\u0151szegi Virg\u00ednia<br \/> M\u00e9sz\u00e1ros Bettina<br \/> Rab Dorottya<br \/> S\u00e1tori Rox\u00e1na<br \/> Schweininger \u00c1d\u00e1m<br \/> Schweininger P\u00e9ter<br \/> Szab\u00f3 Kriszti\u00e1n<br \/> Tam\u00e1s G\u00e1bor<br \/> Thoma-Nitti Dorina<\/p>\n<p>[\/et_pb_accordion_item][\/et_pb_accordion][\/et_pb_column][\/et_pb_row][\/et_pb_section]<\/p>","protected":false},"excerpt":{"rendered":"<p>T\u00e1ncos-d\u00edj<\/p>","protected":false},"author":1,"featured_media":303,"parent":0,"menu_order":0,"comment_status":"closed","ping_status":"closed","template":"","meta":{"_et_pb_use_builder":"on","_et_pb_old_content":"","_et_gb_content_width":""},"yoast_head":"<!-- This site is optimized with the Yoast SEO plugin v17.2 - https:\/\/yoast.com\/wordpress\/plugins\/seo\/ -->\n<title>T\u00e1ncos d\u00edjak - SaarerTanz<\/title>\n<meta name=\"description\" content=\"Saarer Tanzgruppe vezet\u0151s\u00e9ge (tov\u00e1bbiakban: T\u00e1nccsoport) a T\u00e1nccsoport \u00e9rdek\u00e9ben v\u00e9gzett kiemelked\u0151 tev\u00e9kenys\u00e9g, k\u00f6z\u00f6ss\u00e9gi munka, t\u00e1ncos \u00e9vfordul\u00f3 elismer\u00e9s\u00e9re\" \/>\n<meta name=\"robots\" content=\"index, follow, max-snippet:-1, max-image-preview:large, max-video-preview:-1\" \/>\n<link rel=\"canonical\" href=\"http:\/\/saarertanz.hu\/de\/tancos-dijak\/\" \/>\n<meta property=\"og:locale\" content=\"de_DE\" \/>\n<meta property=\"og:type\" content=\"article\" \/>\n<meta property=\"og:title\" content=\"T\u00e1ncos d\u00edjak - SaarerTanz\" \/>\n<meta property=\"og:description\" content=\"Saarer Tanzgruppe vezet\u0151s\u00e9ge (tov\u00e1bbiakban: T\u00e1nccsoport) a T\u00e1nccsoport \u00e9rdek\u00e9ben v\u00e9gzett kiemelked\u0151 tev\u00e9kenys\u00e9g, k\u00f6z\u00f6ss\u00e9gi munka, t\u00e1ncos \u00e9vfordul\u00f3 elismer\u00e9s\u00e9re\" \/>\n<meta property=\"og:url\" content=\"http:\/\/saarertanz.hu\/de\/tancos-dijak\/\" \/>\n<meta property=\"og:site_name\" content=\"SaarerTanz\" \/>\n<meta property=\"article:publisher\" content=\"https:\/\/www.facebook.com\/saarertanzgruppe\/\" \/>\n<meta property=\"article:modified_time\" content=\"2020-02-08T15:08:58+00:00\" \/>\n<meta property=\"og:image\" content=\"https:\/\/saarertanz.hu\/wp-content\/uploads\/2020\/01\/logo.png\" \/>\n\t<meta property=\"og:image:width\" content=\"373\" \/>\n\t<meta property=\"og:image:height\" content=\"486\" \/>\n<meta name=\"twitter:card\" content=\"summary_large_image\" \/>\n<meta name=\"twitter:label1\" content=\"Gesch\u00e4tzte Lesezeit\" \/>\n\t<meta name=\"twitter:data1\" content=\"10\u00a0Minuten\" \/>\n<script type=\"application\/ld+json\" class=\"yoast-schema-graph\">{\"@context\":\"https:\/\/schema.org\",\"@graph\":[{\"@type\":\"WebSite\",\"@id\":\"https:\/\/saarertanz.hu\/#website\",\"url\":\"https:\/\/saarertanz.hu\/\",\"name\":\"SaarerTanz\",\"description\":\"sz\\u00e1ri n\\u00e9met nemzetis\\u00e9gi t\\u00e1nccsoport\",\"potentialAction\":[{\"@type\":\"SearchAction\",\"target\":{\"@type\":\"EntryPoint\",\"urlTemplate\":\"https:\/\/saarertanz.hu\/?s={search_term_string}\"},\"query-input\":\"required name=search_term_string\"}],\"inLanguage\":\"de\"},{\"@type\":\"ImageObject\",\"@id\":\"http:\/\/saarertanz.hu\/de\/tancos-dijak\/#primaryimage\",\"inLanguage\":\"de\",\"url\":\"https:\/\/saarertanz.hu\/wp-content\/uploads\/2020\/01\/logo.png\",\"contentUrl\":\"https:\/\/saarertanz.hu\/wp-content\/uploads\/2020\/01\/logo.png\",\"width\":373,\"height\":486},{\"@type\":\"WebPage\",\"@id\":\"http:\/\/saarertanz.hu\/de\/tancos-dijak\/#webpage\",\"url\":\"http:\/\/saarertanz.hu\/de\/tancos-dijak\/\",\"name\":\"T\\u00e1ncos d\\u00edjak - SaarerTanz\",\"isPartOf\":{\"@id\":\"https:\/\/saarertanz.hu\/#website\"},\"primaryImageOfPage\":{\"@id\":\"http:\/\/saarertanz.hu\/de\/tancos-dijak\/#primaryimage\"},\"datePublished\":\"2020-01-27T17:26:09+00:00\",\"dateModified\":\"2020-02-08T15:08:58+00:00\",\"description\":\"Saarer Tanzgruppe vezet\\u0151s\\u00e9ge (tov\\u00e1bbiakban: T\\u00e1nccsoport) a T\\u00e1nccsoport \\u00e9rdek\\u00e9ben v\\u00e9gzett kiemelked\\u0151 tev\\u00e9kenys\\u00e9g, k\\u00f6z\\u00f6ss\\u00e9gi munka, t\\u00e1ncos \\u00e9vfordul\\u00f3 elismer\\u00e9s\\u00e9re\",\"breadcrumb\":{\"@id\":\"http:\/\/saarertanz.hu\/de\/tancos-dijak\/#breadcrumb\"},\"inLanguage\":\"de\",\"potentialAction\":[{\"@type\":\"ReadAction\",\"target\":[\"http:\/\/saarertanz.hu\/de\/tancos-dijak\/\"]}]},{\"@type\":\"BreadcrumbList\",\"@id\":\"http:\/\/saarertanz.hu\/de\/tancos-dijak\/#breadcrumb\",\"itemListElement\":[{\"@type\":\"ListItem\",\"position\":1,\"name\":\"Home\",\"item\":\"https:\/\/saarertanz.hu\/\"},{\"@type\":\"ListItem\",\"position\":2,\"name\":\"T\\u00e1ncos d\\u00edjak\"}]}]}<\/script>\n<!-- \/ Yoast SEO plugin. -->","yoast_head_json":{"title":"T\u00e1ncos d\u00edjak - SaarerTanz","description":"Saarer Tanzgruppe vezet\u0151s\u00e9ge (tov\u00e1bbiakban: T\u00e1nccsoport) a T\u00e1nccsoport \u00e9rdek\u00e9ben v\u00e9gzett kiemelked\u0151 tev\u00e9kenys\u00e9g, k\u00f6z\u00f6ss\u00e9gi munka, t\u00e1ncos \u00e9vfordul\u00f3 elismer\u00e9s\u00e9re","robots":{"index":"index","follow":"follow","max-snippet":"max-snippet:-1","max-image-preview":"max-image-preview:large","max-video-preview":"max-video-preview:-1"},"canonical":"http:\/\/saarertanz.hu\/de\/tancos-dijak\/","og_locale":"de_DE","og_type":"article","og_title":"T\u00e1ncos d\u00edjak - SaarerTanz","og_description":"Saarer Tanzgruppe vezet\u0151s\u00e9ge (tov\u00e1bbiakban: T\u00e1nccsoport) a T\u00e1nccsoport \u00e9rdek\u00e9ben v\u00e9gzett kiemelked\u0151 tev\u00e9kenys\u00e9g, k\u00f6z\u00f6ss\u00e9gi munka, t\u00e1ncos \u00e9vfordul\u00f3 elismer\u00e9s\u00e9re","og_url":"http:\/\/saarertanz.hu\/de\/tancos-dijak\/","og_site_name":"SaarerTanz","article_publisher":"https:\/\/www.facebook.com\/saarertanzgruppe\/","article_modified_time":"2020-02-08T15:08:58+00:00","og_image":[{"width":373,"height":486,"url":"https:\/\/saarertanz.hu\/wp-content\/uploads\/2020\/01\/logo.png","path":"\/nfsmnt\/hosting1_2\/c\/9\/c929398a-1cab-48db-b245-6f22cc61944f\/saarertanz.hu\/web\/wp-content\/uploads\/2020\/01\/logo.png","size":"full","id":303,"alt":"","pixels":181278,"type":"image\/png"}],"twitter_card":"summary_large_image","twitter_misc":{"Gesch\u00e4tzte Lesezeit":"10\u00a0Minuten"},"schema":{"@context":"https:\/\/schema.org","@graph":[{"@type":"WebSite","@id":"https:\/\/saarertanz.hu\/#website","url":"https:\/\/saarertanz.hu\/","name":"SaarerTanz","description":"sz\u00e1ri n\u00e9met nemzetis\u00e9gi t\u00e1nccsoport","potentialAction":[{"@type":"SearchAction","target":{"@type":"EntryPoint","urlTemplate":"https:\/\/saarertanz.hu\/?s={search_term_string}"},"query-input":"required name=search_term_string"}],"inLanguage":"de"},{"@type":"ImageObject","@id":"http:\/\/saarertanz.hu\/de\/tancos-dijak\/#primaryimage","inLanguage":"de","url":"https:\/\/saarertanz.hu\/wp-content\/uploads\/2020\/01\/logo.png","contentUrl":"https:\/\/saarertanz.hu\/wp-content\/uploads\/2020\/01\/logo.png","width":373,"height":486},{"@type":"WebPage","@id":"http:\/\/saarertanz.hu\/de\/tancos-dijak\/#webpage","url":"http:\/\/saarertanz.hu\/de\/tancos-dijak\/","name":"T\u00e1ncos d\u00edjak - SaarerTanz","isPartOf":{"@id":"https:\/\/saarertanz.hu\/#website"},"primaryImageOfPage":{"@id":"http:\/\/saarertanz.hu\/de\/tancos-dijak\/#primaryimage"},"datePublished":"2020-01-27T17:26:09+00:00","dateModified":"2020-02-08T15:08:58+00:00","description":"Saarer Tanzgruppe vezet\u0151s\u00e9ge (tov\u00e1bbiakban: T\u00e1nccsoport) a T\u00e1nccsoport \u00e9rdek\u00e9ben v\u00e9gzett kiemelked\u0151 tev\u00e9kenys\u00e9g, k\u00f6z\u00f6ss\u00e9gi munka, t\u00e1ncos \u00e9vfordul\u00f3 elismer\u00e9s\u00e9re","breadcrumb":{"@id":"http:\/\/saarertanz.hu\/de\/tancos-dijak\/#breadcrumb"},"inLanguage":"de","potentialAction":[{"@type":"ReadAction","target":["http:\/\/saarertanz.hu\/de\/tancos-dijak\/"]}]},{"@type":"BreadcrumbList","@id":"http:\/\/saarertanz.hu\/de\/tancos-dijak\/#breadcrumb","itemListElement":[{"@type":"ListItem","position":1,"name":"Home","item":"https:\/\/saarertanz.hu\/"},{"@type":"ListItem","position":2,"name":"T\u00e1ncos d\u00edjak"}]}]}},"_links":{"self":[{"href":"https:\/\/saarertanz.hu\/de\/wp-json\/wp\/v2\/pages\/300"}],"collection":[{"href":"https:\/\/saarertanz.hu\/de\/wp-json\/wp\/v2\/pages"}],"about":[{"href":"https:\/\/saarertanz.hu\/de\/wp-json\/wp\/v2\/types\/page"}],"author":[{"embeddable":true,"href":"https:\/\/saarertanz.hu\/de\/wp-json\/wp\/v2\/users\/1"}],"replies":[{"embeddable":true,"href":"https:\/\/saarertanz.hu\/de\/wp-json\/wp\/v2\/comments?post=300"}],"version-history":[{"count":12,"href":"https:\/\/saarertanz.hu\/de\/wp-json\/wp\/v2\/pages\/300\/revisions"}],"predecessor-version":[{"id":816,"href":"https:\/\/saarertanz.hu\/de\/wp-json\/wp\/v2\/pages\/300\/revisions\/816"}],"wp:featuredmedia":[{"embeddable":true,"href":"https:\/\/saarertanz.hu\/de\/wp-json\/wp\/v2\/media\/303"}],"wp:attachment":[{"href":"https:\/\/saarertanz.hu\/de\/wp-json\/wp\/v2\/media?parent=300"}],"curies":[{"name":"wp","href":"https:\/\/api.w.org\/{rel}","templated":true}]}}