{"id":250,"date":"2020-01-25T13:49:24","date_gmt":"2020-01-25T13:49:24","guid":{"rendered":"http:\/\/saarer.premiweb.hu\/?page_id=250"},"modified":"2020-09-05T10:45:18","modified_gmt":"2020-09-05T10:45:18","slug":"ev-tancosa","status":"publish","type":"page","link":"https:\/\/saarertanz.hu\/de\/ev-tancosa\/","title":{"rendered":"T\u00e4nzer und T\u00e4nzerin des Jahres"},"content":{"rendered":"<p>[et_pb_section fb_built=&#8221;1&#8243; custom_padding_last_edited=&#8221;off|desktop&#8221; admin_label=&#8221;Header&#8221; _builder_version=&#8221;4.3.2&#8243; background_color=&#8221;#2a2e40&#8243; use_background_color_gradient=&#8221;on&#8221; background_color_gradient_start=&#8221;rgba(42,46,64,0)&#8221; background_color_gradient_end=&#8221;#2a2e40&#8243; background_color_gradient_type=&#8221;radial&#8221; background_color_gradient_end_position=&#8221;70%&#8221; background_color_gradient_overlays_image=&#8221;on&#8221; background_image=&#8221;http:\/\/saarertanz.hu\/wp-content\/uploads\/2020\/06\/saarertanzgruppe_karpatmedence_trianon.jpg&#8221; custom_padding=&#8221;||0px&#8221; custom_padding_tablet=&#8221;0vw||&#8221; custom_padding_phone=&#8221;0vw||&#8221; hover_enabled=&#8221;0&#8243; box_shadow_style=&#8221;preset7&#8243; box_shadow_horizontal=&#8221;0px&#8221; box_shadow_vertical=&#8221;-100px&#8221; box_shadow_color=&#8221;#ffffff&#8221;][et_pb_row custom_padding_last_edited=&#8221;on|tablet&#8221; _builder_version=&#8221;3.25&#8243; max_width=&#8221;80%&#8221; custom_margin=&#8221;||&#8221; custom_padding=&#8221;||0||false|false&#8221; custom_padding_tablet=&#8221;||40px|0%&#8221; custom_padding_phone=&#8221;&#8221; use_custom_width=&#8221;on&#8221; width_unit=&#8221;off&#8221;][et_pb_column type=&#8221;4_4&#8243; _builder_version=&#8221;3.25&#8243; custom_padding=&#8221;|||&#8221; custom_padding__hover=&#8221;|||&#8221;][et_pb_text _builder_version=&#8221;4.2.2&#8243; text_font=&#8221;||||||||&#8221; header_font=&#8221;Oswald|300||on|||||&#8221; header_font_size=&#8221;7vw&#8221; header_letter_spacing=&#8221;0.35em&#8221; header_line_height=&#8221;1.2em&#8221; header_2_font=&#8221;||||||||&#8221; header_3_font=&#8221;Oswald|||on|||||&#8221; header_3_font_size=&#8221;12px&#8221; header_3_letter_spacing=&#8221;1.5em&#8221; header_3_line_height=&#8221;2.4em&#8221; background_layout=&#8221;dark&#8221; max_width=&#8221;80%&#8221; animation_style=&#8221;slide&#8221; animation_direction=&#8221;right&#8221; animation_duration=&#8221;2000ms&#8221; animation_intensity_slide=&#8221;2%&#8221; header_font_size_tablet=&#8221;40px&#8221; header_font_size_phone=&#8221;30px&#8221; header_font_size_last_edited=&#8221;on|phone&#8221; header_letter_spacing_tablet=&#8221;10px&#8221; header_letter_spacing_phone=&#8221;7px&#8221; header_letter_spacing_last_edited=&#8221;off|desktop&#8221; header_line_height_tablet=&#8221;1.5em&#8221; header_line_height_phone=&#8221;1.5em&#8221; header_line_height_last_edited=&#8221;on|phone&#8221; header_3_font_size_tablet=&#8221;10px&#8221; header_3_font_size_phone=&#8221;10px&#8221; header_3_font_size_last_edited=&#8221;on|desktop&#8221; header_3_letter_spacing_tablet=&#8221;&#8221; header_3_letter_spacing_phone=&#8221;3px&#8221; header_3_letter_spacing_last_edited=&#8221;on|phone&#8221;]<\/p>\n<h1>az \u00e9v t\u00e1ncosa<\/h1>\n<p>[\/et_pb_text][\/et_pb_column][\/et_pb_row][et_pb_row column_structure=&#8221;1_2,1_2&#8243; custom_padding_last_edited=&#8221;off|desktop&#8221; padding_top_bottom_link_2=&#8221;true&#8221; padding_left_right_link_2=&#8221;true&#8221; _builder_version=&#8221;4.2.2&#8243; width=&#8221;100%&#8221; max_width=&#8221;100%&#8221; module_alignment=&#8221;right&#8221; custom_margin_tablet=&#8221;7vw||&#8221; custom_padding=&#8221;0|0px|0|0px|false|false&#8221; animation_direction=&#8221;left&#8221; use_custom_width=&#8221;on&#8221; width_unit=&#8221;off&#8221; custom_width_percent=&#8221;100%&#8221; locked=&#8221;off&#8221;][et_pb_column type=&#8221;1_2&#8243; _builder_version=&#8221;3.25&#8243; custom_padding=&#8221;|||&#8221; custom_padding_tablet=&#8221;40px|||&#8221; custom_padding_phone=&#8221;20px|||&#8221; padding_phone=&#8221;20px|||&#8221; padding_tablet=&#8221;40px|||&#8221; custom_padding__hover=&#8221;|||&#8221;][\/et_pb_column][et_pb_column type=&#8221;1_2&#8243; _builder_version=&#8221;4.2.2&#8243; background_color=&#8221;#a37511&#8243; custom_padding=&#8221;40px|40px|40px|40px&#8221; custom_padding_tablet=&#8221;|40px||40px||true&#8221; custom_padding_phone=&#8221;|||&#8221; custom_padding_last_edited=&#8221;off|desktop&#8221; padding_phone=&#8221;|||&#8221; padding_tablet=&#8221;|40px||40px||true&#8221; padding_last_edited=&#8221;off|desktop&#8221; custom_padding__hover=&#8221;|||&#8221;][et_pb_text _builder_version=&#8221;4.2.2&#8243; text_text_color=&#8221;#000000&#8243; text_font_size=&#8221;16px&#8221; header_3_font=&#8221;|||on|||||&#8221; header_3_text_align=&#8221;center&#8221; header_3_text_color=&#8221;#ffffff&#8221; header_4_text_color=&#8221;#ffffff&#8221; text_orientation=&#8221;center&#8221;]<\/p>\n<h3 style=\"text-align: left;\">A d\u00edjr\u00f3l r\u00f6viden&#8230;<\/h3>\n<h4 style=\"text-align: left;\">A Saarer Tanzgruppe alakul\u00e1sa \u00f3ta d\u00edjban r\u00e9szes\u00edti azokat a t\u00e1ncosokat, akik kimagasl\u00f3 teljes\u00edtm\u00e9nyt ny\u00fajtanak \u00e9s p\u00e9ldamutat\u00f3 tagjai a csoportnak. A d\u00edj neve \u00c9v-T\u00e1ncosa, mellyel 2006-ig \u00e9vente egy t\u00e1ncost, 2007-t\u0151l kezdve pedig minden \u00e9vben egy l\u00e1nyt \u00e9s egy fi\u00fat d\u00edjaztak a vezet\u0151s\u00e9g tagjai. A d\u00edj elnyer\u00e9s\u00e9hez hozz\u00e1tartozott a t\u00e1ncos pr\u00f3b\u00e1kon \u00e9s fell\u00e9p\u00e9seken val\u00f3 akt\u00edv r\u00e9szv\u00e9tele, emellett a t\u00e1nccsoport k\u00f6z\u00f6ss\u00e9gi \u00e9let\u00e9ben v\u00e9gzett kiemelked\u0151 munk\u00e1ja \u00e9s p\u00e9ldamutat\u00f3 magatart\u00e1sa.<\/h4>\n<p>[\/et_pb_text][\/et_pb_column][\/et_pb_row][\/et_pb_section][et_pb_section fb_built=&#8221;1&#8243; _builder_version=&#8221;4.2.2&#8243;][et_pb_row _builder_version=&#8221;4.2.2&#8243; custom_padding=&#8221;||1px|||&#8221;][et_pb_column type=&#8221;4_4&#8243; _builder_version=&#8221;4.2.2&#8243;][et_pb_text _builder_version=&#8221;4.2.2&#8243; custom_padding=&#8221;||0px|||&#8221;]<\/p>\n<h3 style=\"text-align: center;\"><strong>Sz\u00e1ri \u00d6r\u00f6ks\u00e9g K\u00f6zhaszn\u00fa Egyes\u00fclet<\/strong><\/h3>\n<p style=\"text-align: center;\"><strong>2066 Sz\u00e1r, R\u00e1k\u00f3czi utca 68.<br \/><\/strong><strong><br \/> <\/strong><strong>Saarer Tanzgruppe<\/strong><\/p>\n<p>&nbsp;<\/p>\n<p>[\/et_pb_text][et_pb_text _builder_version=&#8221;4.3.2&#8243;]<\/p>\n<h1 style=\"text-align: center;\"><strong>D\u00edjazottak<\/strong><\/h1>\n<p>&nbsp;<\/p>\n<table style=\"width: 1170px;\" height=\"701\">\n<tbody>\n<tr>\n<td style=\"width: 635px; text-align: center;\">2002.<span> <\/span>Tam\u00e1s G\u00e1bor<\/td>\n<td style=\"width: 534px; text-align: center;\"><\/td>\n<\/tr>\n<tr>\n<td style=\"width: 635px; text-align: center;\">2003.<span> <\/span>Nitti Dorina<\/td>\n<td style=\"width: 534px; text-align: center;\"><\/td>\n<\/tr>\n<tr>\n<td style=\"width: 635px; text-align: center;\">2004.<span> <\/span>Hrubos Szandra<\/td>\n<td style=\"width: 534px; text-align: center;\"><\/td>\n<\/tr>\n<tr>\n<td style=\"width: 635px; text-align: center;\">2005.<span> <\/span>Dalanics Vanessza<\/td>\n<td style=\"width: 534px; text-align: center;\"><\/td>\n<\/tr>\n<tr>\n<td style=\"width: 635px; text-align: center;\">2006.<span> <\/span>Hoffmann M\u00e1rk<\/td>\n<td style=\"width: 534px; text-align: center;\"><\/td>\n<\/tr>\n<tr>\n<td style=\"width: 635px; text-align: center;\">2007.<span> <\/span>H\u00e1zenfratz Kinga<\/td>\n<td style=\"width: 534px; text-align: center;\">Nagy M\u00e1rton<\/td>\n<\/tr>\n<tr>\n<td style=\"width: 635px; text-align: center;\">2008.<span> <\/span>Borsodi Inez<\/td>\n<td style=\"width: 534px; text-align: center;\">Balogh L\u00e1szl\u00f3<\/td>\n<\/tr>\n<tr>\n<td style=\"width: 635px; text-align: center;\">2009.<span> <\/span>Ordasi Rebeka<\/td>\n<td style=\"width: 534px; text-align: center;\">Mecs\u00e9ri D\u00e1vid<\/td>\n<\/tr>\n<tr>\n<td style=\"width: 635px; text-align: center;\">2010.<span> <\/span>Szab\u00f3 Dorottya<\/td>\n<td style=\"width: 534px; text-align: center;\">Kov\u00e1cs Bal\u00e1zs<\/td>\n<\/tr>\n<tr>\n<td style=\"width: 635px; text-align: center;\">2011.<span> <\/span>Horv\u00e1th Petra<\/td>\n<td style=\"width: 534px; text-align: center;\">Schweininger \u00c1d\u00e1m<\/td>\n<\/tr>\n<tr>\n<td style=\"width: 635px; text-align: center;\">2012.<span> <\/span>K\u0151szegi Virginia<\/td>\n<td style=\"width: 534px; text-align: center;\">Stock Martin<\/td>\n<\/tr>\n<tr>\n<td style=\"width: 635px; text-align: center;\">2013.<span> <\/span>Viktoria Nagy<\/td>\n<td style=\"width: 534px; text-align: center;\">Angyal B\u00e1lint<\/td>\n<\/tr>\n<tr>\n<td style=\"width: 635px; text-align: center;\">2014.<span> <\/span>S\u00e1tori Fanni<\/td>\n<td style=\"width: 534px; text-align: center;\">Borsodi Imre<\/td>\n<\/tr>\n<tr>\n<td style=\"width: 635px; text-align: center;\">2015.<span> <\/span>Ziegler Katalin<\/td>\n<td style=\"width: 534px; text-align: center;\">Szabolcs Stock<\/td>\n<\/tr>\n<tr>\n<td style=\"width: 635px; text-align: center;\">2016.<span> <\/span>Buczk\u00f3 Veronika<\/td>\n<td style=\"width: 534px; text-align: center;\">Pechinger Tam\u00e1s<\/td>\n<\/tr>\n<tr>\n<td style=\"width: 635px; text-align: center;\">2017.<span> <\/span>Szpodnyi S\u00e1ra<\/td>\n<td style=\"width: 534px; text-align: center;\">S\u00e1gi Erik<\/td>\n<\/tr>\n<tr>\n<td style=\"width: 635px; text-align: center;\">2018.<span> <\/span>Franciska Nagy<\/td>\n<td style=\"width: 534px; text-align: center;\">G\u00e9ber \u00c1d\u00e1m<\/td>\n<\/tr>\n<tr>\n<td style=\"width: 635px; text-align: center;\">2019.<span> <\/span>Dora Rorbacher<\/td>\n<td style=\"width: 534px; text-align: center;\">Fenyvesi Szabolcs<\/td>\n<\/tr>\n<tr>\n<td style=\"width: 635px; text-align: center;\">2020. Taksz Lilla<\/td>\n<td style=\"width: 534px; text-align: center;\">Schwanner B\u00e1lint<\/td>\n<\/tr>\n<\/tbody>\n<\/table>\n<p>&nbsp;<\/p>\n<p>[\/et_pb_text][\/et_pb_column][\/et_pb_row][et_pb_row _builder_version=&#8221;4.3.2&#8243;][et_pb_column type=&#8221;4_4&#8243; _builder_version=&#8221;4.3.2&#8243;][et_pb_countdown_timer title=&#8221;2021 \u00c9V T\u00c1NCOSA D\u00cdJ\u00c1NAK \u00e1tad\u00e1s\u00e1ig m\u00e1r csak:&#8221; date_time=&#8221;2021-02-13 09:41&#8243; _builder_version=&#8221;4.3.2&#8243;][\/et_pb_countdown_timer][\/et_pb_column][\/et_pb_row][et_pb_row _builder_version=&#8221;4.2.2&#8243;][et_pb_column type=&#8221;4_4&#8243; _builder_version=&#8221;4.2.2&#8243;][et_pb_social_media_follow follow_button=&#8221;on&#8221; _builder_version=&#8221;4.2.2&#8243;][et_pb_social_media_follow_network social_network=&#8221;facebook&#8221; url=&#8221;https:\/\/www.facebook.com\/saarertanzgruppe\/&#8221; _builder_version=&#8221;4.2.2&#8243; background_color=&#8221;#3b5998&#8243; custom_margin=&#8221;|||450px|false|false&#8221; custom_padding=&#8221;0px|||1px|false|false&#8221; follow_button=&#8221;on&#8221; url_new_window=&#8221;on&#8221;]facebook[\/et_pb_social_media_follow_network][et_pb_social_media_follow_network social_network=&#8221;instagram&#8221; url=&#8221;https:\/\/www.instagram.com\/saarertanzgruppe\/&#8221; _builder_version=&#8221;4.2.2&#8243; background_color=&#8221;#ea2c59&#8243; follow_button=&#8221;on&#8221; url_new_window=&#8221;on&#8221;]instagram[\/et_pb_social_media_follow_network][\/et_pb_social_media_follow][\/et_pb_column][\/et_pb_row][\/et_pb_section]<\/p>","protected":false},"excerpt":{"rendered":"<p>\u00d6sszefoglal\u00f3 oldal a Saarer Tanzgruppe \u00c9B-t\u00e1ncosa d\u00edj\u00e1r\u00f3l.<\/p>","protected":false},"author":1,"featured_media":363,"parent":0,"menu_order":0,"comment_status":"closed","ping_status":"closed","template":"","meta":{"_et_pb_use_builder":"on","_et_pb_old_content":"","_et_gb_content_width":""},"yoast_head":"<!-- This site is optimized with the Yoast SEO plugin v17.2 - https:\/\/yoast.com\/wordpress\/plugins\/seo\/ -->\n<title>\u00c9v T\u00e1ncosa - SaarerTanz<\/title>\n<meta name=\"description\" content=\"A Saarer Tanzgruppe alakul\u00e1sa \u00f3ta d\u00edjban r\u00e9szes\u00edti azokat a t\u00e1ncosokat, akik kimagasl\u00f3 teljes\u00edtm\u00e9nyt ny\u00fajtanak \u00e9s p\u00e9ldamutat\u00f3 tagjai a csoportnak.\" \/>\n<meta name=\"robots\" content=\"index, follow, max-snippet:-1, max-image-preview:large, max-video-preview:-1\" \/>\n<link rel=\"canonical\" href=\"http:\/\/saarertanz.hu\/de\/ev-tancosa\/\" \/>\n<meta property=\"og:locale\" content=\"de_DE\" \/>\n<meta property=\"og:type\" content=\"article\" \/>\n<meta property=\"og:title\" content=\"\u00c9v T\u00e1ncosa - SaarerTanz\" \/>\n<meta property=\"og:description\" content=\"A Saarer Tanzgruppe alakul\u00e1sa \u00f3ta d\u00edjban r\u00e9szes\u00edti azokat a t\u00e1ncosokat, akik kimagasl\u00f3 teljes\u00edtm\u00e9nyt ny\u00fajtanak \u00e9s p\u00e9ldamutat\u00f3 tagjai a csoportnak.\" \/>\n<meta property=\"og:url\" content=\"http:\/\/saarertanz.hu\/de\/ev-tancosa\/\" \/>\n<meta property=\"og:site_name\" content=\"SaarerTanz\" \/>\n<meta property=\"article:publisher\" content=\"https:\/\/www.facebook.com\/saarertanzgruppe\/\" \/>\n<meta property=\"article:modified_time\" content=\"2020-09-05T10:45:18+00:00\" \/>\n<meta property=\"og:image\" content=\"http:\/\/saarertanz.hu\/wp-content\/uploads\/2020\/01\/17015793_875547952548230_1676608720815072627.jpg\" \/>\n\t<meta property=\"og:image:width\" content=\"1920\" \/>\n\t<meta property=\"og:image:height\" content=\"1280\" \/>\n<meta name=\"twitter:card\" content=\"summary_large_image\" \/>\n<meta name=\"twitter:label1\" content=\"Gesch\u00e4tzte Lesezeit\" \/>\n\t<meta name=\"twitter:data1\" content=\"4\u00a0Minuten\" \/>\n<script type=\"application\/ld+json\" class=\"yoast-schema-graph\">{\"@context\":\"https:\/\/schema.org\",\"@graph\":[{\"@type\":\"WebSite\",\"@id\":\"https:\/\/saarertanz.hu\/#website\",\"url\":\"https:\/\/saarertanz.hu\/\",\"name\":\"SaarerTanz\",\"description\":\"sz\\u00e1ri n\\u00e9met nemzetis\\u00e9gi t\\u00e1nccsoport\",\"potentialAction\":[{\"@type\":\"SearchAction\",\"target\":{\"@type\":\"EntryPoint\",\"urlTemplate\":\"https:\/\/saarertanz.hu\/?s={search_term_string}\"},\"query-input\":\"required name=search_term_string\"}],\"inLanguage\":\"de\"},{\"@type\":\"ImageObject\",\"@id\":\"http:\/\/saarertanz.hu\/de\/ev-tancosa\/#primaryimage\",\"inLanguage\":\"de\",\"url\":\"https:\/\/saarertanz.hu\/wp-content\/uploads\/2020\/01\/17015793_875547952548230_1676608720815072627.jpg\",\"contentUrl\":\"https:\/\/saarertanz.hu\/wp-content\/uploads\/2020\/01\/17015793_875547952548230_1676608720815072627.jpg\",\"width\":1920,\"height\":1280},{\"@type\":\"WebPage\",\"@id\":\"http:\/\/saarertanz.hu\/de\/ev-tancosa\/#webpage\",\"url\":\"http:\/\/saarertanz.hu\/de\/ev-tancosa\/\",\"name\":\"\\u00c9v T\\u00e1ncosa - SaarerTanz\",\"isPartOf\":{\"@id\":\"https:\/\/saarertanz.hu\/#website\"},\"primaryImageOfPage\":{\"@id\":\"http:\/\/saarertanz.hu\/de\/ev-tancosa\/#primaryimage\"},\"datePublished\":\"2020-01-25T13:49:24+00:00\",\"dateModified\":\"2020-09-05T10:45:18+00:00\",\"description\":\"A Saarer Tanzgruppe alakul\\u00e1sa \\u00f3ta d\\u00edjban r\\u00e9szes\\u00edti azokat a t\\u00e1ncosokat, akik kimagasl\\u00f3 teljes\\u00edtm\\u00e9nyt ny\\u00fajtanak \\u00e9s p\\u00e9ldamutat\\u00f3 tagjai a csoportnak.\",\"breadcrumb\":{\"@id\":\"http:\/\/saarertanz.hu\/de\/ev-tancosa\/#breadcrumb\"},\"inLanguage\":\"de\",\"potentialAction\":[{\"@type\":\"ReadAction\",\"target\":[\"http:\/\/saarertanz.hu\/de\/ev-tancosa\/\"]}]},{\"@type\":\"BreadcrumbList\",\"@id\":\"http:\/\/saarertanz.hu\/de\/ev-tancosa\/#breadcrumb\",\"itemListElement\":[{\"@type\":\"ListItem\",\"position\":1,\"name\":\"Home\",\"item\":\"https:\/\/saarertanz.hu\/\"},{\"@type\":\"ListItem\",\"position\":2,\"name\":\"\\u00c9v T\\u00e1ncosa\"}]}]}<\/script>\n<!-- \/ Yoast SEO plugin. -->","yoast_head_json":{"title":"\u00c9v T\u00e1ncosa - SaarerTanz","description":"A Saarer Tanzgruppe alakul\u00e1sa \u00f3ta d\u00edjban r\u00e9szes\u00edti azokat a t\u00e1ncosokat, akik kimagasl\u00f3 teljes\u00edtm\u00e9nyt ny\u00fajtanak \u00e9s p\u00e9ldamutat\u00f3 tagjai a csoportnak.","robots":{"index":"index","follow":"follow","max-snippet":"max-snippet:-1","max-image-preview":"max-image-preview:large","max-video-preview":"max-video-preview:-1"},"canonical":"http:\/\/saarertanz.hu\/de\/ev-tancosa\/","og_locale":"de_DE","og_type":"article","og_title":"\u00c9v T\u00e1ncosa - SaarerTanz","og_description":"A Saarer Tanzgruppe alakul\u00e1sa \u00f3ta d\u00edjban r\u00e9szes\u00edti azokat a t\u00e1ncosokat, akik kimagasl\u00f3 teljes\u00edtm\u00e9nyt ny\u00fajtanak \u00e9s p\u00e9ldamutat\u00f3 tagjai a csoportnak.","og_url":"http:\/\/saarertanz.hu\/de\/ev-tancosa\/","og_site_name":"SaarerTanz","article_publisher":"https:\/\/www.facebook.com\/saarertanzgruppe\/","article_modified_time":"2020-09-05T10:45:18+00:00","og_image":[{"width":1920,"height":1280,"url":"http:\/\/saarertanz.hu\/wp-content\/uploads\/2020\/01\/17015793_875547952548230_1676608720815072627.jpg","path":"\/data\/c\/9\/c929398a-1cab-48db-b245-6f22cc61944f\/saarertanz.hu\/web\/wp-content\/uploads\/2020\/01\/17015793_875547952548230_1676608720815072627.jpg","size":"full","id":363,"alt":"","pixels":2457600,"type":"image\/jpeg"}],"twitter_card":"summary_large_image","twitter_misc":{"Gesch\u00e4tzte Lesezeit":"4\u00a0Minuten"},"schema":{"@context":"https:\/\/schema.org","@graph":[{"@type":"WebSite","@id":"https:\/\/saarertanz.hu\/#website","url":"https:\/\/saarertanz.hu\/","name":"SaarerTanz","description":"sz\u00e1ri n\u00e9met nemzetis\u00e9gi t\u00e1nccsoport","potentialAction":[{"@type":"SearchAction","target":{"@type":"EntryPoint","urlTemplate":"https:\/\/saarertanz.hu\/?s={search_term_string}"},"query-input":"required name=search_term_string"}],"inLanguage":"de"},{"@type":"ImageObject","@id":"http:\/\/saarertanz.hu\/de\/ev-tancosa\/#primaryimage","inLanguage":"de","url":"https:\/\/saarertanz.hu\/wp-content\/uploads\/2020\/01\/17015793_875547952548230_1676608720815072627.jpg","contentUrl":"https:\/\/saarertanz.hu\/wp-content\/uploads\/2020\/01\/17015793_875547952548230_1676608720815072627.jpg","width":1920,"height":1280},{"@type":"WebPage","@id":"http:\/\/saarertanz.hu\/de\/ev-tancosa\/#webpage","url":"http:\/\/saarertanz.hu\/de\/ev-tancosa\/","name":"\u00c9v T\u00e1ncosa - SaarerTanz","isPartOf":{"@id":"https:\/\/saarertanz.hu\/#website"},"primaryImageOfPage":{"@id":"http:\/\/saarertanz.hu\/de\/ev-tancosa\/#primaryimage"},"datePublished":"2020-01-25T13:49:24+00:00","dateModified":"2020-09-05T10:45:18+00:00","description":"A Saarer Tanzgruppe alakul\u00e1sa \u00f3ta d\u00edjban r\u00e9szes\u00edti azokat a t\u00e1ncosokat, akik kimagasl\u00f3 teljes\u00edtm\u00e9nyt ny\u00fajtanak \u00e9s p\u00e9ldamutat\u00f3 tagjai a csoportnak.","breadcrumb":{"@id":"http:\/\/saarertanz.hu\/de\/ev-tancosa\/#breadcrumb"},"inLanguage":"de","potentialAction":[{"@type":"ReadAction","target":["http:\/\/saarertanz.hu\/de\/ev-tancosa\/"]}]},{"@type":"BreadcrumbList","@id":"http:\/\/saarertanz.hu\/de\/ev-tancosa\/#breadcrumb","itemListElement":[{"@type":"ListItem","position":1,"name":"Home","item":"https:\/\/saarertanz.hu\/"},{"@type":"ListItem","position":2,"name":"\u00c9v T\u00e1ncosa"}]}]}},"_links":{"self":[{"href":"https:\/\/saarertanz.hu\/de\/wp-json\/wp\/v2\/pages\/250"}],"collection":[{"href":"https:\/\/saarertanz.hu\/de\/wp-json\/wp\/v2\/pages"}],"about":[{"href":"https:\/\/saarertanz.hu\/de\/wp-json\/wp\/v2\/types\/page"}],"author":[{"embeddable":true,"href":"https:\/\/saarertanz.hu\/de\/wp-json\/wp\/v2\/users\/1"}],"replies":[{"embeddable":true,"href":"https:\/\/saarertanz.hu\/de\/wp-json\/wp\/v2\/comments?post=250"}],"version-history":[{"count":19,"href":"https:\/\/saarertanz.hu\/de\/wp-json\/wp\/v2\/pages\/250\/revisions"}],"predecessor-version":[{"id":985,"href":"https:\/\/saarertanz.hu\/de\/wp-json\/wp\/v2\/pages\/250\/revisions\/985"}],"wp:featuredmedia":[{"embeddable":true,"href":"https:\/\/saarertanz.hu\/de\/wp-json\/wp\/v2\/media\/363"}],"wp:attachment":[{"href":"https:\/\/saarertanz.hu\/de\/wp-json\/wp\/v2\/media?parent=250"}],"curies":[{"name":"wp","href":"https:\/\/api.w.org\/{rel}","templated":true}]}}