{"id":238,"date":"2020-01-25T13:31:29","date_gmt":"2020-01-25T13:31:29","guid":{"rendered":"http:\/\/saarer.premiweb.hu\/?page_id=238"},"modified":"2020-09-05T10:52:44","modified_gmt":"2020-09-05T10:52:44","slug":"ado","status":"publish","type":"page","link":"https:\/\/saarertanz.hu\/de\/ado\/","title":{"rendered":"Unterst\u00fctzung"},"content":{"rendered":"<p>[et_pb_section fb_built=&#8221;1&#8243; custom_padding_last_edited=&#8221;off|desktop&#8221; admin_label=&#8221;Header&#8221; _builder_version=&#8221;4.3.2&#8243; background_color=&#8221;#2a2e40&#8243; use_background_color_gradient=&#8221;on&#8221; background_color_gradient_start=&#8221;rgba(42,46,64,0)&#8221; background_color_gradient_end=&#8221;#2a2e40&#8243; background_color_gradient_type=&#8221;radial&#8221; background_color_gradient_end_position=&#8221;70%&#8221; background_color_gradient_overlays_image=&#8221;on&#8221; background_image=&#8221;http:\/\/saarertanz.hu\/wp-content\/uploads\/2020\/03\/tancbemutato2020.jpg&#8221; custom_padding=&#8221;||0px&#8221; custom_padding_tablet=&#8221;0vw||&#8221; custom_padding_phone=&#8221;0vw||&#8221; hover_enabled=&#8221;0&#8243; box_shadow_style=&#8221;preset7&#8243; box_shadow_horizontal=&#8221;0px&#8221; box_shadow_vertical=&#8221;-100px&#8221; box_shadow_color=&#8221;#ffffff&#8221;][et_pb_row custom_padding_last_edited=&#8221;on|tablet&#8221; _builder_version=&#8221;3.25&#8243; max_width=&#8221;80%&#8221; custom_margin=&#8221;||&#8221; custom_padding=&#8221;||0||false|false&#8221; custom_padding_tablet=&#8221;||40px|0%&#8221; custom_padding_phone=&#8221;&#8221; use_custom_width=&#8221;on&#8221; width_unit=&#8221;off&#8221;][et_pb_column type=&#8221;4_4&#8243; _builder_version=&#8221;3.25&#8243; custom_padding=&#8221;|||&#8221; custom_padding__hover=&#8221;|||&#8221;][et_pb_text _builder_version=&#8221;4.2.2&#8243; text_font=&#8221;||||||||&#8221; header_font=&#8221;Oswald|300||on|||||&#8221; header_font_size=&#8221;7vw&#8221; header_letter_spacing=&#8221;0.35em&#8221; header_line_height=&#8221;1.2em&#8221; header_2_font=&#8221;||||||||&#8221; header_3_font=&#8221;Oswald|||on|||||&#8221; header_3_font_size=&#8221;12px&#8221; header_3_letter_spacing=&#8221;1.5em&#8221; header_3_line_height=&#8221;2.4em&#8221; background_layout=&#8221;dark&#8221; max_width=&#8221;80%&#8221; animation_style=&#8221;slide&#8221; animation_direction=&#8221;right&#8221; animation_duration=&#8221;2000ms&#8221; animation_intensity_slide=&#8221;2%&#8221; header_font_size_tablet=&#8221;40px&#8221; header_font_size_phone=&#8221;30px&#8221; header_font_size_last_edited=&#8221;on|phone&#8221; header_letter_spacing_tablet=&#8221;10px&#8221; header_letter_spacing_phone=&#8221;7px&#8221; header_letter_spacing_last_edited=&#8221;off|desktop&#8221; header_line_height_tablet=&#8221;1.5em&#8221; header_line_height_phone=&#8221;1.5em&#8221; header_line_height_last_edited=&#8221;on|phone&#8221; header_3_font_size_tablet=&#8221;10px&#8221; header_3_font_size_phone=&#8221;10px&#8221; header_3_font_size_last_edited=&#8221;on|desktop&#8221; header_3_letter_spacing_tablet=&#8221;&#8221; header_3_letter_spacing_phone=&#8221;3px&#8221; header_3_letter_spacing_last_edited=&#8221;on|phone&#8221;]<\/p>\n<h3>felaj\u00e1nl\u00e1s<\/h3>\n<h1>ad\u00f3 1%<\/h1>\n<p>[\/et_pb_text][\/et_pb_column][\/et_pb_row][et_pb_row column_structure=&#8221;1_2,1_2&#8243; custom_padding_last_edited=&#8221;off|desktop&#8221; padding_top_bottom_link_2=&#8221;true&#8221; padding_left_right_link_2=&#8221;true&#8221; _builder_version=&#8221;4.2.2&#8243; width=&#8221;100%&#8221; max_width=&#8221;100%&#8221; module_alignment=&#8221;right&#8221; custom_margin_tablet=&#8221;7vw||&#8221; custom_padding=&#8221;0|0px|0|0px|false|false&#8221; animation_direction=&#8221;left&#8221; use_custom_width=&#8221;on&#8221; width_unit=&#8221;off&#8221; custom_width_percent=&#8221;100%&#8221; locked=&#8221;off&#8221;][et_pb_column type=&#8221;1_2&#8243; _builder_version=&#8221;3.25&#8243; custom_padding=&#8221;|||&#8221; custom_padding_tablet=&#8221;40px|||&#8221; custom_padding_phone=&#8221;20px|||&#8221; padding_phone=&#8221;20px|||&#8221; padding_tablet=&#8221;40px|||&#8221; custom_padding__hover=&#8221;|||&#8221;][\/et_pb_column][et_pb_column type=&#8221;1_2&#8243; _builder_version=&#8221;4.2.2&#8243; background_color=&#8221;#e71d34&#8243; custom_padding=&#8221;40px|40px|40px|40px&#8221; custom_padding_tablet=&#8221;|40px||40px||true&#8221; custom_padding_phone=&#8221;|||&#8221; custom_padding_last_edited=&#8221;off|desktop&#8221; padding_phone=&#8221;|||&#8221; padding_tablet=&#8221;|40px||40px||true&#8221; padding_last_edited=&#8221;off|desktop&#8221; custom_padding__hover=&#8221;|||&#8221;][et_pb_text _builder_version=&#8221;4.2.2&#8243; text_text_color=&#8221;#000000&#8243; text_font_size=&#8221;16px&#8221; header_3_font=&#8221;|||on|||||&#8221; header_3_text_align=&#8221;center&#8221; header_3_text_color=&#8221;#ffffff&#8221; header_4_text_color=&#8221;#ffffff&#8221; text_orientation=&#8221;center&#8221;]<\/p>\n<h3 style=\"text-align: left;\">K\u00f6sz\u00f6nj\u00fck, ha t\u00e1mogatod munk\u00e1ss\u00e1gunkat!<\/h3>\n<p style=\"padding-left: 30px; text-align: left;\"><span style=\"color: #ffffff;\">Ad\u00f3d 1%-a egyes\u00fcletek sz\u00e1m\u00e1ra szabadon felaj\u00e1nlhat\u00f3. Megtisztel\u0151, ha id\u00e9n minket v\u00e1lasztassz! K\u00f6sz\u00f6nettel: Saarer Tanzgruppe<\/span><\/p>\n<p>[\/et_pb_text][\/et_pb_column][\/et_pb_row][\/et_pb_section][et_pb_section fb_built=&#8221;1&#8243; _builder_version=&#8221;4.2.2&#8243;][et_pb_row _builder_version=&#8221;4.2.2&#8243;][et_pb_column type=&#8221;4_4&#8243; _builder_version=&#8221;4.2.2&#8243;][et_pb_text _builder_version=&#8221;4.2.2&#8243;]<\/p>\n<p>K\u00f6sz\u00f6nj\u00fck, hogy ad\u00f3ja 1%-nak felaj\u00e1nl\u00e1s\u00e1val \u00d6n is t\u00e1mogatja m\u0171v\u00e9szeti, alkot\u00f3 tev\u00e9kenys\u00e9g\u00fcnket.<\/p>\n<p>Nyomtathat\u00f3 rendelkez\u0151 nyilatkozat\u00e9rt :<a href=\"https:\/\/ado1szazalek.com\/felajanlom\/?t=1&amp;id=32066\"><strong><span>\u00a0<\/span>KATT IDE<\/strong><\/a><\/p>\n<table id=\"\" width=\"360\">\n<tbody>\n<tr>\n<td class=\"\"><strong>N\u00e9v:<\/strong><\/td>\n<td class=\"\"><strong>Sz\u00e1ri \u00d6r\u00f6ks\u00e9g K\u00f6zhaszn\u00fa Egyes\u00fclet<\/strong><\/td>\n<\/tr>\n<tr>\n<td class=\"\"><strong>C\u00edm:<\/strong><\/td>\n<td class=\"\"><strong>2066\u00a0Sz\u00e1r, R\u00e1k\u00f3czi F. u. 68.<br \/> <\/strong><\/td>\n<\/tr>\n<tr>\n<td class=\"\"><strong>Ad\u00f3sz\u00e1m:<\/strong><\/td>\n<td class=\"\"><strong>18501135-1-07<\/strong><\/td>\n<\/tr>\n<\/tbody>\n<\/table>\n<p>[\/et_pb_text][\/et_pb_column][\/et_pb_row][et_pb_row _builder_version=&#8221;4.2.2&#8243;][et_pb_column type=&#8221;4_4&#8243; _builder_version=&#8221;4.2.2&#8243;][et_pb_image src=&#8221;http:\/\/saarertanz.hu\/wp-content\/uploads\/2020\/01\/logo.png&#8221; _builder_version=&#8221;4.2.2&#8243; custom_margin=&#8221;|||300px|false|false&#8221; custom_padding=&#8221;|427px||0px||&#8221;][\/et_pb_image][\/et_pb_column][\/et_pb_row][\/et_pb_section]<\/p>","protected":false},"excerpt":{"rendered":"<p>Ad\u00f3d 1%-a egyes\u00fcletek sz\u00e1m\u00e1ra szabadon felaj\u00e1nlhat\u00f3. Megtisztel\u0151, ha id\u00e9n minket v\u00e1lasztassz! K\u00f6sz\u00f6nettel: Saarer Tanzgruppe<\/p>","protected":false},"author":1,"featured_media":0,"parent":0,"menu_order":0,"comment_status":"closed","ping_status":"closed","template":"","meta":{"_et_pb_use_builder":"on","_et_pb_old_content":"","_et_gb_content_width":""},"yoast_head":"<!-- This site is optimized with the Yoast SEO plugin v17.2 - https:\/\/yoast.com\/wordpress\/plugins\/seo\/ -->\n<title>Ad\u00f3 1%-a - SaarerTanz<\/title>\n<meta name=\"description\" content=\"Ad\u00f3d 1%-a egyes\u00fcletek sz\u00e1m\u00e1ra szabadon felaj\u00e1nlhat\u00f3. Megtisztel\u0151, ha id\u00e9n minket v\u00e1lasztassz! K\u00f6sz\u00f6nettel: Saarer Tanzgruppe\" \/>\n<meta name=\"robots\" content=\"index, follow, max-snippet:-1, max-image-preview:large, max-video-preview:-1\" \/>\n<link rel=\"canonical\" href=\"http:\/\/saarertanz.hu\/de\/ado\/\" \/>\n<meta property=\"og:locale\" content=\"de_DE\" \/>\n<meta property=\"og:type\" content=\"article\" \/>\n<meta property=\"og:title\" content=\"Ad\u00f3 1%-a - SaarerTanz\" \/>\n<meta property=\"og:description\" content=\"Ad\u00f3d 1%-a egyes\u00fcletek sz\u00e1m\u00e1ra szabadon felaj\u00e1nlhat\u00f3. Megtisztel\u0151, ha id\u00e9n minket v\u00e1lasztassz! K\u00f6sz\u00f6nettel: Saarer Tanzgruppe\" \/>\n<meta property=\"og:url\" content=\"http:\/\/saarertanz.hu\/de\/ado\/\" \/>\n<meta property=\"og:site_name\" content=\"SaarerTanz\" \/>\n<meta property=\"article:publisher\" content=\"https:\/\/www.facebook.com\/saarertanzgruppe\/\" \/>\n<meta property=\"article:modified_time\" content=\"2020-09-05T10:52:44+00:00\" \/>\n<meta name=\"twitter:card\" content=\"summary_large_image\" \/>\n<meta name=\"twitter:label1\" content=\"Gesch\u00e4tzte Lesezeit\" \/>\n\t<meta name=\"twitter:data1\" content=\"3\u00a0Minuten\" \/>\n<script type=\"application\/ld+json\" class=\"yoast-schema-graph\">{\"@context\":\"https:\/\/schema.org\",\"@graph\":[{\"@type\":\"WebSite\",\"@id\":\"https:\/\/saarertanz.hu\/#website\",\"url\":\"https:\/\/saarertanz.hu\/\",\"name\":\"SaarerTanz\",\"description\":\"sz\\u00e1ri n\\u00e9met nemzetis\\u00e9gi t\\u00e1nccsoport\",\"potentialAction\":[{\"@type\":\"SearchAction\",\"target\":{\"@type\":\"EntryPoint\",\"urlTemplate\":\"https:\/\/saarertanz.hu\/?s={search_term_string}\"},\"query-input\":\"required name=search_term_string\"}],\"inLanguage\":\"de\"},{\"@type\":\"WebPage\",\"@id\":\"http:\/\/saarertanz.hu\/de\/ado\/#webpage\",\"url\":\"http:\/\/saarertanz.hu\/de\/ado\/\",\"name\":\"Ad\\u00f3 1%-a - SaarerTanz\",\"isPartOf\":{\"@id\":\"https:\/\/saarertanz.hu\/#website\"},\"datePublished\":\"2020-01-25T13:31:29+00:00\",\"dateModified\":\"2020-09-05T10:52:44+00:00\",\"description\":\"Ad\\u00f3d 1%-a egyes\\u00fcletek sz\\u00e1m\\u00e1ra szabadon felaj\\u00e1nlhat\\u00f3. Megtisztel\\u0151, ha id\\u00e9n minket v\\u00e1lasztassz! K\\u00f6sz\\u00f6nettel: Saarer Tanzgruppe\",\"breadcrumb\":{\"@id\":\"http:\/\/saarertanz.hu\/de\/ado\/#breadcrumb\"},\"inLanguage\":\"de\",\"potentialAction\":[{\"@type\":\"ReadAction\",\"target\":[\"http:\/\/saarertanz.hu\/de\/ado\/\"]}]},{\"@type\":\"BreadcrumbList\",\"@id\":\"http:\/\/saarertanz.hu\/de\/ado\/#breadcrumb\",\"itemListElement\":[{\"@type\":\"ListItem\",\"position\":1,\"name\":\"Home\",\"item\":\"https:\/\/saarertanz.hu\/\"},{\"@type\":\"ListItem\",\"position\":2,\"name\":\"Ad\\u00f3 1%-a\"}]}]}<\/script>\n<!-- \/ Yoast SEO plugin. -->","yoast_head_json":{"title":"Ad\u00f3 1%-a - SaarerTanz","description":"Ad\u00f3d 1%-a egyes\u00fcletek sz\u00e1m\u00e1ra szabadon felaj\u00e1nlhat\u00f3. Megtisztel\u0151, ha id\u00e9n minket v\u00e1lasztassz! K\u00f6sz\u00f6nettel: Saarer Tanzgruppe","robots":{"index":"index","follow":"follow","max-snippet":"max-snippet:-1","max-image-preview":"max-image-preview:large","max-video-preview":"max-video-preview:-1"},"canonical":"http:\/\/saarertanz.hu\/de\/ado\/","og_locale":"de_DE","og_type":"article","og_title":"Ad\u00f3 1%-a - SaarerTanz","og_description":"Ad\u00f3d 1%-a egyes\u00fcletek sz\u00e1m\u00e1ra szabadon felaj\u00e1nlhat\u00f3. Megtisztel\u0151, ha id\u00e9n minket v\u00e1lasztassz! K\u00f6sz\u00f6nettel: Saarer Tanzgruppe","og_url":"http:\/\/saarertanz.hu\/de\/ado\/","og_site_name":"SaarerTanz","article_publisher":"https:\/\/www.facebook.com\/saarertanzgruppe\/","article_modified_time":"2020-09-05T10:52:44+00:00","twitter_card":"summary_large_image","twitter_misc":{"Gesch\u00e4tzte Lesezeit":"3\u00a0Minuten"},"schema":{"@context":"https:\/\/schema.org","@graph":[{"@type":"WebSite","@id":"https:\/\/saarertanz.hu\/#website","url":"https:\/\/saarertanz.hu\/","name":"SaarerTanz","description":"sz\u00e1ri n\u00e9met nemzetis\u00e9gi t\u00e1nccsoport","potentialAction":[{"@type":"SearchAction","target":{"@type":"EntryPoint","urlTemplate":"https:\/\/saarertanz.hu\/?s={search_term_string}"},"query-input":"required name=search_term_string"}],"inLanguage":"de"},{"@type":"WebPage","@id":"http:\/\/saarertanz.hu\/de\/ado\/#webpage","url":"http:\/\/saarertanz.hu\/de\/ado\/","name":"Ad\u00f3 1%-a - SaarerTanz","isPartOf":{"@id":"https:\/\/saarertanz.hu\/#website"},"datePublished":"2020-01-25T13:31:29+00:00","dateModified":"2020-09-05T10:52:44+00:00","description":"Ad\u00f3d 1%-a egyes\u00fcletek sz\u00e1m\u00e1ra szabadon felaj\u00e1nlhat\u00f3. Megtisztel\u0151, ha id\u00e9n minket v\u00e1lasztassz! K\u00f6sz\u00f6nettel: Saarer Tanzgruppe","breadcrumb":{"@id":"http:\/\/saarertanz.hu\/de\/ado\/#breadcrumb"},"inLanguage":"de","potentialAction":[{"@type":"ReadAction","target":["http:\/\/saarertanz.hu\/de\/ado\/"]}]},{"@type":"BreadcrumbList","@id":"http:\/\/saarertanz.hu\/de\/ado\/#breadcrumb","itemListElement":[{"@type":"ListItem","position":1,"name":"Home","item":"https:\/\/saarertanz.hu\/"},{"@type":"ListItem","position":2,"name":"Ad\u00f3 1%-a"}]}]}},"_links":{"self":[{"href":"https:\/\/saarertanz.hu\/de\/wp-json\/wp\/v2\/pages\/238"}],"collection":[{"href":"https:\/\/saarertanz.hu\/de\/wp-json\/wp\/v2\/pages"}],"about":[{"href":"https:\/\/saarertanz.hu\/de\/wp-json\/wp\/v2\/types\/page"}],"author":[{"embeddable":true,"href":"https:\/\/saarertanz.hu\/de\/wp-json\/wp\/v2\/users\/1"}],"replies":[{"embeddable":true,"href":"https:\/\/saarertanz.hu\/de\/wp-json\/wp\/v2\/comments?post=238"}],"version-history":[{"count":12,"href":"https:\/\/saarertanz.hu\/de\/wp-json\/wp\/v2\/pages\/238\/revisions"}],"predecessor-version":[{"id":995,"href":"https:\/\/saarertanz.hu\/de\/wp-json\/wp\/v2\/pages\/238\/revisions\/995"}],"wp:attachment":[{"href":"https:\/\/saarertanz.hu\/de\/wp-json\/wp\/v2\/media?parent=238"}],"curies":[{"name":"wp","href":"https:\/\/api.w.org\/{rel}","templated":true}]}}