{"id":158,"date":"2020-01-23T20:01:47","date_gmt":"2020-01-23T20:01:47","guid":{"rendered":"http:\/\/saarer.premiweb.hu\/?page_id=158"},"modified":"2021-06-30T10:49:21","modified_gmt":"2021-06-30T10:49:21","slug":"vezetoseg","status":"publish","type":"page","link":"https:\/\/saarertanz.hu\/de\/rolunk\/vezetoseg\/","title":{"rendered":"F\u00fchrungsstab"},"content":{"rendered":"<p>[et_pb_section fb_built=&#8221;1&#8243; custom_padding_last_edited=&#8221;off|desktop&#8221; admin_label=&#8221;Header&#8221; _builder_version=&#8221;4.2.2&#8243; background_color=&#8221;#2a2e40&#8243; use_background_color_gradient=&#8221;on&#8221; background_color_gradient_start=&#8221;rgba(42,46,64,0)&#8221; background_color_gradient_end=&#8221;#2a2e40&#8243; background_color_gradient_type=&#8221;radial&#8221; background_color_gradient_end_position=&#8221;70%&#8221; background_color_gradient_overlays_image=&#8221;on&#8221; background_image=&#8221;http:\/\/saarer.premiweb.hu\/dir\/uploads\/2020\/01\/17015793_875547952548230_1676608720815072627.jpg&#8221; custom_padding=&#8221;||0px&#8221; custom_padding_tablet=&#8221;0vw||&#8221; custom_padding_phone=&#8221;0vw||&#8221; box_shadow_style=&#8221;preset7&#8243; box_shadow_horizontal=&#8221;0px&#8221; box_shadow_vertical=&#8221;-100px&#8221; box_shadow_color=&#8221;#ffffff&#8221;][et_pb_row custom_padding_last_edited=&#8221;on|tablet&#8221; _builder_version=&#8221;3.25&#8243; max_width=&#8221;80%&#8221; custom_margin=&#8221;||&#8221; custom_padding=&#8221;||0||false|false&#8221; custom_padding_tablet=&#8221;||40px|0%&#8221; custom_padding_phone=&#8221;&#8221; use_custom_width=&#8221;on&#8221; width_unit=&#8221;off&#8221;][et_pb_column type=&#8221;4_4&#8243; _builder_version=&#8221;3.25&#8243; custom_padding=&#8221;|||&#8221; custom_padding__hover=&#8221;|||&#8221;][et_pb_text _builder_version=&#8221;4.2.2&#8243; text_font=&#8221;||||||||&#8221; header_font=&#8221;Oswald|300||on|||||&#8221; header_font_size=&#8221;7vw&#8221; header_letter_spacing=&#8221;0.35em&#8221; header_line_height=&#8221;1.2em&#8221; header_2_font=&#8221;||||||||&#8221; header_3_font=&#8221;Oswald|||on|||||&#8221; header_3_font_size=&#8221;12px&#8221; header_3_letter_spacing=&#8221;1.5em&#8221; header_3_line_height=&#8221;2.4em&#8221; background_layout=&#8221;dark&#8221; max_width=&#8221;80%&#8221; animation_style=&#8221;slide&#8221; animation_direction=&#8221;right&#8221; animation_duration=&#8221;2000ms&#8221; animation_intensity_slide=&#8221;2%&#8221; header_font_size_tablet=&#8221;40px&#8221; header_font_size_phone=&#8221;30px&#8221; header_font_size_last_edited=&#8221;on|phone&#8221; header_letter_spacing_tablet=&#8221;10px&#8221; header_letter_spacing_phone=&#8221;7px&#8221; header_letter_spacing_last_edited=&#8221;off|desktop&#8221; header_line_height_tablet=&#8221;1.5em&#8221; header_line_height_phone=&#8221;1.5em&#8221; header_line_height_last_edited=&#8221;on|phone&#8221; header_3_font_size_tablet=&#8221;10px&#8221; header_3_font_size_phone=&#8221;10px&#8221; header_3_font_size_last_edited=&#8221;on|desktop&#8221; header_3_letter_spacing_tablet=&#8221;&#8221; header_3_letter_spacing_phone=&#8221;3px&#8221; header_3_letter_spacing_last_edited=&#8221;on|phone&#8221;]<\/p>\n<h3><\/h3>\n<h1>F\u00fchrungsstab<\/h1>\n<p>[\/et_pb_text][\/et_pb_column][\/et_pb_row][et_pb_row column_structure=&#8221;1_2,1_2&#8243; custom_padding_last_edited=&#8221;off|desktop&#8221; padding_top_bottom_link_2=&#8221;true&#8221; padding_left_right_link_2=&#8221;true&#8221; _builder_version=&#8221;4.2.2&#8243; width=&#8221;100%&#8221; max_width=&#8221;100%&#8221; module_alignment=&#8221;right&#8221; custom_margin_tablet=&#8221;7vw||&#8221; custom_padding=&#8221;0|0px|0|0px|false|false&#8221; animation_direction=&#8221;left&#8221; use_custom_width=&#8221;on&#8221; width_unit=&#8221;off&#8221; custom_width_percent=&#8221;100%&#8221; locked=&#8221;off&#8221;][et_pb_column type=&#8221;1_2&#8243; _builder_version=&#8221;3.25&#8243; custom_padding=&#8221;|||&#8221; custom_padding_tablet=&#8221;40px|||&#8221; custom_padding_phone=&#8221;20px|||&#8221; padding_phone=&#8221;20px|||&#8221; padding_tablet=&#8221;40px|||&#8221; custom_padding__hover=&#8221;|||&#8221;][\/et_pb_column][et_pb_column type=&#8221;1_2&#8243; _builder_version=&#8221;4.2.2&#8243; background_color=&#8221;#1d1f67&#8243; custom_padding=&#8221;40px|40px|40px|40px&#8221; custom_padding_tablet=&#8221;|40px||40px||true&#8221; custom_padding_phone=&#8221;|||&#8221; custom_padding_last_edited=&#8221;off|desktop&#8221; padding_phone=&#8221;|||&#8221; padding_tablet=&#8221;|40px||40px||true&#8221; padding_last_edited=&#8221;off|desktop&#8221; custom_padding__hover=&#8221;|||&#8221;][et_pb_text _builder_version=&#8221;4.2.2&#8243;]<\/p>\n<h4 style=\"padding-left: 30px; text-align: left;\"><span style=\"color: #ffffff;\">A Saarer Tanzgruppe tagjainak mindennapjai a tanul\u00e1s, munka mellett a csoportok \u00e9let\u00e9nek, \u00fatjainak, fell\u00e9p\u00e9seinek szervez\u00e9se mellett m\u00e9g sz\u00e1mos feladattal telnek. A k\u00f6z\u00f6ss\u00e9g m\u0171k\u00f6d\u00e9s\u00e9\u00e9rt \u00e9s fejl\u0151d\u00e9s\u00e9\u00e9rt tett kem\u00e9ny munka legink\u00e1bb a h\u00e1tt\u00e9rben zajlik.<\/span><\/h4>\n<h4 style=\"text-align: justify; padding-left: 30px;\"><span style=\"color: #ffffff;\">A Vezet\u0151s\u00e9g:<\/span><\/h4>\n<p>[\/et_pb_text][\/et_pb_column][\/et_pb_row][\/et_pb_section][et_pb_section fb_built=&#8221;1&#8243; _builder_version=&#8221;4.2.2&#8243;][et_pb_row column_structure=&#8221;1_2,1_2&#8243; _builder_version=&#8221;4.2.2&#8243; min_height=&#8221;375px&#8221;][et_pb_column type=&#8221;1_2&#8243; _builder_version=&#8221;4.2.2&#8243;][et_pb_team_member name=&#8221;G\u00e9ber \u00c1d\u00e1m&#8221; position=&#8221;Sz\u00e1ri \u00d6r\u00f6ks\u00e9g K\u00f6zhaszn\u00fa Egyes\u00fclet eln\u00f6ke, szervezeti referens&#8221; image_url=&#8221;http:\/\/saarertanz.hu\/wp-content\/uploads\/2020\/02\/geber_adam.jpg&#8221; _builder_version=&#8221;4.2.2&#8243;][\/et_pb_team_member][\/et_pb_column][et_pb_column type=&#8221;1_2&#8243; _builder_version=&#8221;4.2.2&#8243;][et_pb_team_member name=&#8221;Nagy Vikt\u00f3ria&#8221; position=&#8221;a Saarer Tanzgruppe csoportvezet\u0151je, k\u00fclf\u00f6ldi kapcsolattart\u00f3, MNN\u00d6 k\u00e9pvisel\u0151&#8221; image_url=&#8221;http:\/\/saarertanz.hu\/wp-content\/uploads\/2020\/02\/nagy_viktoria.jpg&#8221; _builder_version=&#8221;4.3.2&#8243;][\/et_pb_team_member][\/et_pb_column][\/et_pb_row][et_pb_row column_structure=&#8221;1_2,1_2&#8243; _builder_version=&#8221;4.2.2&#8243; min_height=&#8221;375px&#8221;][et_pb_column type=&#8221;1_2&#8243; _builder_version=&#8221;4.2.2&#8243;][et_pb_team_member name=&#8221;Schweininger \u00c1d\u00e1m&#8221; position=&#8221;T\u00e1ncos \u00dajs\u00e1g szerkeszt\u0151je&#8221; image_url=&#8221;http:\/\/saarertanz.hu\/wp-content\/uploads\/2020\/02\/schweininger_adam.jpg&#8221; _builder_version=&#8221;4.2.2&#8243;][\/et_pb_team_member][\/et_pb_column][et_pb_column type=&#8221;1_2&#8243; _builder_version=&#8221;4.2.2&#8243;][et_pb_team_member name=&#8221;Taksz Lilla&#8221; position=&#8221;p\u00e1ly\u00e1zati referens&#8221; image_url=&#8221;http:\/\/saarertanz.hu\/wp-content\/uploads\/2020\/02\/taksz_lilla.jpg&#8221; _builder_version=&#8221;4.2.2&#8243;][\/et_pb_team_member][\/et_pb_column][\/et_pb_row][et_pb_row column_structure=&#8221;1_2,1_2&#8243; _builder_version=&#8221;4.2.2&#8243; min_height=&#8221;375px&#8221;][et_pb_column type=&#8221;1_2&#8243; _builder_version=&#8221;4.2.2&#8243;][et_pb_team_member name=&#8221;G\u00e1l D\u00f3ra&#8221; position=&#8221;p\u00e9nz\u00fcgyi referens&#8221; image_url=&#8221;http:\/\/saarertanz.hu\/wp-content\/uploads\/2020\/02\/gal_dora.jpg&#8221; _builder_version=&#8221;4.2.2&#8243;][\/et_pb_team_member][\/et_pb_column][et_pb_column type=&#8221;1_2&#8243; _builder_version=&#8221;4.2.2&#8243;][et_pb_team_member name=&#8221;Schwanner B\u00e1lint &#8221; position=&#8221;technikai munk\u00e1k referense&#8221; image_url=&#8221;http:\/\/saarertanz.hu\/wp-content\/uploads\/2020\/02\/schwanner_balint.jpg&#8221; _builder_version=&#8221;4.2.2&#8243; hover_enabled=&#8221;0&#8243;][\/et_pb_team_member][\/et_pb_column][\/et_pb_row][et_pb_row column_structure=&#8221;1_2,1_2&#8243; _builder_version=&#8221;4.3.2&#8243;][et_pb_column type=&#8221;1_2&#8243; _builder_version=&#8221;4.3.2&#8243;][et_pb_team_member name=&#8221;Nagy Franciska&#8221; position=&#8221;ut\u00e1np\u00f3tl\u00e1s k\u00e9pviselete, m\u0171v\u00e9szeti referens&#8221; image_url=&#8221;http:\/\/saarertanz.hu\/wp-content\/uploads\/2021\/06\/IMG_20200926_150730-m\u00e1solat&#8211;scaled.jpg&#8221; _builder_version=&#8221;4.3.2&#8243; hover_enabled=&#8221;0&#8243; locked=&#8221;off&#8221;][\/et_pb_team_member][\/et_pb_column][et_pb_column type=&#8221;1_2&#8243; _builder_version=&#8221;4.3.2&#8243;][\/et_pb_column][\/et_pb_row][\/et_pb_section]<\/p>","protected":false},"excerpt":{"rendered":"<p>Vezet\u0151s\u00e9gi lista<\/p>","protected":false},"author":1,"featured_media":471,"parent":123,"menu_order":0,"comment_status":"closed","ping_status":"closed","template":"","meta":{"_et_pb_use_builder":"on","_et_pb_old_content":"","_et_gb_content_width":""},"yoast_head":"<!-- This site is optimized with the Yoast SEO plugin v17.2 - https:\/\/yoast.com\/wordpress\/plugins\/seo\/ -->\n<title>Vezet\u0151s\u00e9g - SaarerTanz<\/title>\n<meta name=\"description\" content=\"A Saarer Tanzgruppe tagjainak mindennapjai a tanul\u00e1s, munka mellett a csoportok \u00e9let\u00e9nek, \u00fatjainak, fell\u00e9p\u00e9seinek szervez\u00e9se mellett m\u00e9g sz\u00e1mos feladattal telnek.\" \/>\n<meta name=\"robots\" content=\"index, follow, max-snippet:-1, max-image-preview:large, max-video-preview:-1\" \/>\n<link rel=\"canonical\" href=\"https:\/\/saarertanz.hu\/de\/rolunk\/vezetoseg\/\" \/>\n<meta property=\"og:locale\" content=\"de_DE\" \/>\n<meta property=\"og:type\" content=\"article\" \/>\n<meta property=\"og:title\" content=\"Vezet\u0151s\u00e9g - SaarerTanz\" \/>\n<meta property=\"og:description\" content=\"A Saarer Tanzgruppe tagjainak mindennapjai a tanul\u00e1s, munka mellett a csoportok \u00e9let\u00e9nek, \u00fatjainak, fell\u00e9p\u00e9seinek szervez\u00e9se mellett m\u00e9g sz\u00e1mos feladattal telnek.\" \/>\n<meta property=\"og:url\" content=\"https:\/\/saarertanz.hu\/de\/rolunk\/vezetoseg\/\" \/>\n<meta property=\"og:site_name\" content=\"SaarerTanz\" \/>\n<meta property=\"article:publisher\" content=\"https:\/\/www.facebook.com\/saarertanzgruppe\/\" \/>\n<meta property=\"article:modified_time\" content=\"2021-06-30T10:49:21+00:00\" \/>\n<meta property=\"og:image\" content=\"http:\/\/saarertanz.hu\/wp-content\/uploads\/2020\/01\/saarer_tanzgruppe.jpg\" \/>\n\t<meta property=\"og:image:width\" content=\"1400\" \/>\n\t<meta property=\"og:image:height\" content=\"937\" \/>\n<meta name=\"twitter:card\" content=\"summary_large_image\" \/>\n<meta name=\"twitter:label1\" content=\"Gesch\u00e4tzte Lesezeit\" \/>\n\t<meta name=\"twitter:data1\" content=\"4\u00a0Minuten\" \/>\n<script type=\"application\/ld+json\" class=\"yoast-schema-graph\">{\"@context\":\"https:\/\/schema.org\",\"@graph\":[{\"@type\":\"WebSite\",\"@id\":\"https:\/\/saarertanz.hu\/#website\",\"url\":\"https:\/\/saarertanz.hu\/\",\"name\":\"SaarerTanz\",\"description\":\"sz\\u00e1ri n\\u00e9met nemzetis\\u00e9gi t\\u00e1nccsoport\",\"potentialAction\":[{\"@type\":\"SearchAction\",\"target\":{\"@type\":\"EntryPoint\",\"urlTemplate\":\"https:\/\/saarertanz.hu\/?s={search_term_string}\"},\"query-input\":\"required name=search_term_string\"}],\"inLanguage\":\"de\"},{\"@type\":\"ImageObject\",\"@id\":\"https:\/\/saarertanz.hu\/rolunk\/vezetoseg\/#primaryimage\",\"inLanguage\":\"de\",\"url\":\"https:\/\/saarertanz.hu\/wp-content\/uploads\/2020\/01\/saarer_tanzgruppe.jpg\",\"contentUrl\":\"https:\/\/saarertanz.hu\/wp-content\/uploads\/2020\/01\/saarer_tanzgruppe.jpg\",\"width\":1400,\"height\":937},{\"@type\":\"WebPage\",\"@id\":\"https:\/\/saarertanz.hu\/rolunk\/vezetoseg\/#webpage\",\"url\":\"https:\/\/saarertanz.hu\/rolunk\/vezetoseg\/\",\"name\":\"Vezet\\u0151s\\u00e9g - SaarerTanz\",\"isPartOf\":{\"@id\":\"https:\/\/saarertanz.hu\/#website\"},\"primaryImageOfPage\":{\"@id\":\"https:\/\/saarertanz.hu\/rolunk\/vezetoseg\/#primaryimage\"},\"datePublished\":\"2020-01-23T20:01:47+00:00\",\"dateModified\":\"2021-06-30T10:49:21+00:00\",\"description\":\"A Saarer Tanzgruppe tagjainak mindennapjai a tanul\\u00e1s, munka mellett a csoportok \\u00e9let\\u00e9nek, \\u00fatjainak, fell\\u00e9p\\u00e9seinek szervez\\u00e9se mellett m\\u00e9g sz\\u00e1mos feladattal telnek.\",\"breadcrumb\":{\"@id\":\"https:\/\/saarertanz.hu\/rolunk\/vezetoseg\/#breadcrumb\"},\"inLanguage\":\"de\",\"potentialAction\":[{\"@type\":\"ReadAction\",\"target\":[\"https:\/\/saarertanz.hu\/rolunk\/vezetoseg\/\"]}]},{\"@type\":\"BreadcrumbList\",\"@id\":\"https:\/\/saarertanz.hu\/rolunk\/vezetoseg\/#breadcrumb\",\"itemListElement\":[{\"@type\":\"ListItem\",\"position\":1,\"name\":\"Home\",\"item\":\"https:\/\/saarertanz.hu\/\"},{\"@type\":\"ListItem\",\"position\":2,\"name\":\"R\\u00f3lunk\",\"item\":\"https:\/\/saarertanz.hu\/rolunk\/\"},{\"@type\":\"ListItem\",\"position\":3,\"name\":\"Vezet\\u0151s\\u00e9g\"}]}]}<\/script>\n<!-- \/ Yoast SEO plugin. -->","yoast_head_json":{"title":"Vezet\u0151s\u00e9g - SaarerTanz","description":"A Saarer Tanzgruppe tagjainak mindennapjai a tanul\u00e1s, munka mellett a csoportok \u00e9let\u00e9nek, \u00fatjainak, fell\u00e9p\u00e9seinek szervez\u00e9se mellett m\u00e9g sz\u00e1mos feladattal telnek.","robots":{"index":"index","follow":"follow","max-snippet":"max-snippet:-1","max-image-preview":"max-image-preview:large","max-video-preview":"max-video-preview:-1"},"canonical":"https:\/\/saarertanz.hu\/de\/rolunk\/vezetoseg\/","og_locale":"de_DE","og_type":"article","og_title":"Vezet\u0151s\u00e9g - SaarerTanz","og_description":"A Saarer Tanzgruppe tagjainak mindennapjai a tanul\u00e1s, munka mellett a csoportok \u00e9let\u00e9nek, \u00fatjainak, fell\u00e9p\u00e9seinek szervez\u00e9se mellett m\u00e9g sz\u00e1mos feladattal telnek.","og_url":"https:\/\/saarertanz.hu\/de\/rolunk\/vezetoseg\/","og_site_name":"SaarerTanz","article_publisher":"https:\/\/www.facebook.com\/saarertanzgruppe\/","article_modified_time":"2021-06-30T10:49:21+00:00","og_image":[{"width":1400,"height":937,"url":"http:\/\/saarertanz.hu\/wp-content\/uploads\/2020\/01\/saarer_tanzgruppe.jpg","path":"\/data\/c\/9\/c929398a-1cab-48db-b245-6f22cc61944f\/saarertanz.hu\/web\/wp-content\/uploads\/2020\/01\/saarer_tanzgruppe.jpg","size":"full","id":471,"alt":"","pixels":1311800,"type":"image\/jpeg"}],"twitter_card":"summary_large_image","twitter_misc":{"Gesch\u00e4tzte Lesezeit":"4\u00a0Minuten"},"schema":{"@context":"https:\/\/schema.org","@graph":[{"@type":"WebSite","@id":"https:\/\/saarertanz.hu\/#website","url":"https:\/\/saarertanz.hu\/","name":"SaarerTanz","description":"sz\u00e1ri n\u00e9met nemzetis\u00e9gi t\u00e1nccsoport","potentialAction":[{"@type":"SearchAction","target":{"@type":"EntryPoint","urlTemplate":"https:\/\/saarertanz.hu\/?s={search_term_string}"},"query-input":"required name=search_term_string"}],"inLanguage":"de"},{"@type":"ImageObject","@id":"https:\/\/saarertanz.hu\/rolunk\/vezetoseg\/#primaryimage","inLanguage":"de","url":"https:\/\/saarertanz.hu\/wp-content\/uploads\/2020\/01\/saarer_tanzgruppe.jpg","contentUrl":"https:\/\/saarertanz.hu\/wp-content\/uploads\/2020\/01\/saarer_tanzgruppe.jpg","width":1400,"height":937},{"@type":"WebPage","@id":"https:\/\/saarertanz.hu\/rolunk\/vezetoseg\/#webpage","url":"https:\/\/saarertanz.hu\/rolunk\/vezetoseg\/","name":"Vezet\u0151s\u00e9g - SaarerTanz","isPartOf":{"@id":"https:\/\/saarertanz.hu\/#website"},"primaryImageOfPage":{"@id":"https:\/\/saarertanz.hu\/rolunk\/vezetoseg\/#primaryimage"},"datePublished":"2020-01-23T20:01:47+00:00","dateModified":"2021-06-30T10:49:21+00:00","description":"A Saarer Tanzgruppe tagjainak mindennapjai a tanul\u00e1s, munka mellett a csoportok \u00e9let\u00e9nek, \u00fatjainak, fell\u00e9p\u00e9seinek szervez\u00e9se mellett m\u00e9g sz\u00e1mos feladattal telnek.","breadcrumb":{"@id":"https:\/\/saarertanz.hu\/rolunk\/vezetoseg\/#breadcrumb"},"inLanguage":"de","potentialAction":[{"@type":"ReadAction","target":["https:\/\/saarertanz.hu\/rolunk\/vezetoseg\/"]}]},{"@type":"BreadcrumbList","@id":"https:\/\/saarertanz.hu\/rolunk\/vezetoseg\/#breadcrumb","itemListElement":[{"@type":"ListItem","position":1,"name":"Home","item":"https:\/\/saarertanz.hu\/"},{"@type":"ListItem","position":2,"name":"R\u00f3lunk","item":"https:\/\/saarertanz.hu\/rolunk\/"},{"@type":"ListItem","position":3,"name":"Vezet\u0151s\u00e9g"}]}]}},"_links":{"self":[{"href":"https:\/\/saarertanz.hu\/de\/wp-json\/wp\/v2\/pages\/158"}],"collection":[{"href":"https:\/\/saarertanz.hu\/de\/wp-json\/wp\/v2\/pages"}],"about":[{"href":"https:\/\/saarertanz.hu\/de\/wp-json\/wp\/v2\/types\/page"}],"author":[{"embeddable":true,"href":"https:\/\/saarertanz.hu\/de\/wp-json\/wp\/v2\/users\/1"}],"replies":[{"embeddable":true,"href":"https:\/\/saarertanz.hu\/de\/wp-json\/wp\/v2\/comments?post=158"}],"version-history":[{"count":21,"href":"https:\/\/saarertanz.hu\/de\/wp-json\/wp\/v2\/pages\/158\/revisions"}],"predecessor-version":[{"id":1065,"href":"https:\/\/saarertanz.hu\/de\/wp-json\/wp\/v2\/pages\/158\/revisions\/1065"}],"up":[{"embeddable":true,"href":"https:\/\/saarertanz.hu\/de\/wp-json\/wp\/v2\/pages\/123"}],"wp:featuredmedia":[{"embeddable":true,"href":"https:\/\/saarertanz.hu\/de\/wp-json\/wp\/v2\/media\/471"}],"wp:attachment":[{"href":"https:\/\/saarertanz.hu\/de\/wp-json\/wp\/v2\/media?parent=158"}],"curies":[{"name":"wp","href":"https:\/\/api.w.org\/{rel}","templated":true}]}}